{"id":3659,"date":"2025-04-01T02:12:01","date_gmt":"2025-04-01T02:12:01","guid":{"rendered":"https:\/\/bmturkiye.com.tr\/conditions-generales-dutilisation\/"},"modified":"2026-03-31T18:11:08","modified_gmt":"2026-03-31T18:11:08","slug":"conditions-generales-dutilisation","status":"publish","type":"page","link":"https:\/\/bmturkiye.com\/fr\/conditions-generales-dutilisation\/","title":{"rendered":"Conditions g\u00e9n\u00e9rales d&rsquo;utilisation"},"content":{"rendered":"\t\t<div data-elementor-type=\"wp-page\" data-elementor-id=\"3659\" class=\"elementor elementor-3659 elementor-3430\" data-elementor-post-type=\"page\">\n\t\t\t\t<div class=\"elementor-element elementor-element-37a3924 e-flex e-con-boxed e-con e-parent\" data-id=\"37a3924\" data-element_type=\"container\" data-e-type=\"container\" data-settings=\"{&quot;background_background&quot;:&quot;classic&quot;}\">\n\t\t\t\t\t<div class=\"e-con-inner\">\n\t\t\t\t<div class=\"elementor-element elementor-element-3f18a5f elementor-widget elementor-widget-heading\" data-id=\"3f18a5f\" data-element_type=\"widget\" data-e-type=\"widget\" data-widget_type=\"heading.default\">\n\t\t\t\t<div class=\"elementor-widget-container\">\n\t\t\t\t\t<h2 class=\"elementor-heading-title elementor-size-default\">Conditions G\u00e9n\u00e9rales<\/h2>\t\t\t\t<\/div>\n\t\t\t\t<\/div>\n\t\t\t\t<div class=\"elementor-element elementor-element-1600e63 elementor-widget elementor-widget-text-editor\" data-id=\"1600e63\" data-element_type=\"widget\" data-e-type=\"widget\" data-widget_type=\"text-editor.default\">\n\t\t\t\t<div class=\"elementor-widget-container\">\n\t\t\t\t\t\t\t\t\t<p>Conditions G\u00e9n\u00e9rales d\u2019Utilisation<\/p>\t\t\t\t\t\t\t\t<\/div>\n\t\t\t\t<\/div>\n\t\t\t\t\t<\/div>\n\t\t\t\t<\/div>\n\t\t<div class=\"elementor-element elementor-element-43d22fb9 e-flex e-con-boxed e-con e-parent\" data-id=\"43d22fb9\" data-element_type=\"container\" data-e-type=\"container\">\n\t\t\t\t\t<div class=\"e-con-inner\">\n\t\t\t\t<div class=\"elementor-element elementor-element-62f2aff1 elementor-widget elementor-widget-text-editor\" data-id=\"62f2aff1\" data-element_type=\"widget\" data-e-type=\"widget\" data-widget_type=\"text-editor.default\">\n\t\t\t\t<div class=\"elementor-widget-container\">\n\t\t\t\t\t\t\t\t\t<article class=\"w-full text-token-text-primary\" dir=\"auto\" data-testid=\"conversation-turn-2\" data-scroll-anchor=\"true\"><div class=\"text-base my-auto mx-auto py-5 px-6\"><div class=\"mx-auto flex flex-1 text-base gap-4 md:gap-5 lg:gap-6 md:max-w-3xl lg:max-w-[40rem] xl:max-w-[48rem] group\/turn-messages focus-visible:outline-none\" tabindex=\"-1\"><div class=\"group\/conversation-turn relative flex w-full min-w-0 flex-col agent-turn @xs\/thread:px-0 @sm\/thread:px-1.5 @md\/thread:px-4\"><div class=\"relative flex-col gap-1 md:gap-3\"><div class=\"flex max-w-full flex-col flex-grow\"><div class=\"min-h-8 text-message relative flex w-full flex-col items-end gap-2 whitespace-normal break-words text-start [.text-message+&amp;]:mt-5\" dir=\"auto\" data-message-author-role=\"assistant\" data-message-id=\"cb21baf0-46ae-4a32-8078-ba0e61cbcd19\" data-message-model-slug=\"gpt-4o\"><div class=\"flex w-full flex-col gap-1 empty:hidden first:pt-[3px]\"><div class=\"markdown prose w-full break-words dark:prose-invert light\"><article class=\"w-full text-token-text-primary\" dir=\"auto\" data-testid=\"conversation-turn-12\" data-scroll-anchor=\"true\"><div class=\"text-base my-auto mx-auto py-5 px-6\"><div class=\"mx-auto flex flex-1 text-base gap-4 md:gap-5 lg:gap-6 md:max-w-3xl lg:max-w-[40rem] xl:max-w-[48rem] group\/turn-messages focus-visible:outline-none\" tabindex=\"-1\"><div class=\"group\/conversation-turn relative flex w-full min-w-0 flex-col agent-turn @xs\/thread:px-0 @sm\/thread:px-1.5 @md\/thread:px-4\"><div class=\"relative flex-col gap-1 md:gap-3\"><div class=\"flex max-w-full flex-col flex-grow\"><div class=\"min-h-8 text-message relative flex w-full flex-col items-end gap-2 whitespace-normal break-words text-start [.text-message+&amp;]:mt-5\" dir=\"auto\" data-message-author-role=\"assistant\" data-message-id=\"b5a3d370-58cd-4f63-a68b-27abdcc538b3\" data-message-model-slug=\"gpt-4o-mini\"><div class=\"flex w-full flex-col gap-1 empty:hidden first:pt-[3px]\"><div class=\"markdown prose w-full break-words dark:prose-invert light\"><h3><strong>Conditions G\u00e9n\u00e9rales \u2013 BM Turkiye<\/strong><\/h3><p><strong>Derni\u00e8re mise \u00e0 jour : 01\/05\/2025<\/strong><\/p><h3><strong>Introduction<\/strong><\/h3><p>Bienvenue sur le site de BM Turkiye, une plateforme proposant des services de tourisme m\u00e9dical. En utilisant ce site, vous acceptez de respecter les pr\u00e9sentes conditions g\u00e9n\u00e9rales. Veuillez les lire attentivement.<\/p><h3><strong>D\u00e9finitions<\/strong><\/h3><ul><li><p><strong>Entreprise<\/strong> : \u00d6ZEL BMTURKEY A\u011eIZ VE D\u0130\u015e POL\u0130KL\u0130N\u0130\u011e\u0130 T\u0130CARET L\u0130M\u0130TED \u015e\u0130RKET\u0130<\/p><\/li><li><p><strong>Site<\/strong> : Le site internet de l\u2019entreprise : <a href=\"https:\/\/bmturkiye.com\">https:\/\/bmturkiye.com<\/a><\/p><\/li><li><p><strong>Utilisateur<\/strong> : Toute personne visitant ou utilisant le site<\/p><\/li><\/ul><h3><strong>Utilisation du Site<\/strong><\/h3><ul><li><p>L\u2019utilisateur doit utiliser le site uniquement \u00e0 des fins l\u00e9gales et l\u00e9gitimes.<\/p><\/li><li><p>Il est interdit de violer les droits de propri\u00e9t\u00e9 intellectuelle ou d\u2019utiliser le site de mani\u00e8re abusive.<\/p><\/li><li><p>L\u2019utilisateur doit garder ses informations de compte confidentielles et ne pas les partager avec d\u2019autres personnes.<\/p><\/li><\/ul><h3><strong>Services de l\u2019Entreprise<\/strong><\/h3><ul><li><p>L\u2019entreprise propose des services de tourisme m\u00e9dical, y compris la consultation, la prise de rendez-vous, l\u2019h\u00e9bergement, le transport et d\u2019autres services associ\u00e9s.<\/p><\/li><li><p>Les utilisateurs peuvent annuler leurs r\u00e9servations conform\u00e9ment \u00e0 la politique d\u2019annulation de l\u2019entreprise.<\/p><\/li><\/ul><h3><strong>Responsabilit\u00e9 Juridique<\/strong><\/h3><ul><li><p>L\u2019entreprise ne peut \u00eatre tenue responsable des dommages r\u00e9sultant de l\u2019utilisation du site ou des informations fournies.<\/p><\/li><li><p>Les informations sont fournies \u00ab telles quelles \u00bb sans garantie d\u2019exactitude.<\/p><\/li><\/ul><h3><strong>Droits de Propri\u00e9t\u00e9 Intellectuelle<\/strong><\/h3><ul><li><p>Tout le contenu du site (textes, images, logos, etc.) est la propri\u00e9t\u00e9 exclusive de l\u2019entreprise.<\/p><\/li><li><p>Une autorisation \u00e9crite est requise pour utiliser le contenu \u00e0 des fins commerciales.<\/p><\/li><\/ul><h3><strong>Protection des Donn\u00e9es et Confidentialit\u00e9<\/strong><\/h3><ul><li><p>Notre politique de confidentialit\u00e9 respecte la l\u00e9gislation turque sur la protection des donn\u00e9es.<\/p><\/li><li><p>Les donn\u00e9es personnelles sont collect\u00e9es et utilis\u00e9es conform\u00e9ment \u00e0 notre politique de confidentialit\u00e9, disponible ici : [Politique de Confidentialit\u00e9]<\/p><\/li><\/ul><h3><strong>L\u00e9gislation Applicable<\/strong><\/h3><ul><li><p>Les pr\u00e9sentes conditions sont r\u00e9gies par les lois de la R\u00e9publique de Turquie.<\/p><\/li><li><p>Tout litige sera soumis aux tribunaux comp\u00e9tents de Turquie.<\/p><\/li><\/ul><h3><strong>Modifications des Conditions G\u00e9n\u00e9rales<\/strong><\/h3><ul><li><p>L\u2019entreprise se r\u00e9serve le droit de modifier les pr\u00e9sentes conditions \u00e0 tout moment.<\/p><\/li><li><p>Toute modification sera publi\u00e9e sur le site ou communiqu\u00e9e par e-mail.<\/p><\/li><\/ul><h3><strong>Contact<\/strong><\/h3><p>Pour toute question ou r\u00e9clamation, vous pouvez nous contacter \u00e0 :<\/p><p>BM Turkiye<br \/>\ud83d\udce7 <a href=\"mailto:info@bmturkiye.com\">info@bmturkiye.com<\/a><br \/>\ud83d\udcde +90 212 580 70 00<br \/>\ud83d\udccd Yenibosna Merkez, 1. Asena Sk. \u201cKarat 34 Sitesi\u201d, A Blok, No: 114, 34197 Bah\u00e7elievler\/\u0130stanbul<\/p><h3><strong>R\u00e9servations et Paiement<\/strong><\/h3><ul><li><p>Les utilisateurs doivent fournir des informations exactes et compl\u00e8tes lors de la r\u00e9servation.<\/p><\/li><li><p>Le paiement doit \u00eatre effectu\u00e9 selon la m\u00e9thode pr\u00e9cis\u00e9e avant la prestation de services.<\/p><\/li><li><p>Toute modification ou annulation peut entra\u00eener des frais suppl\u00e9mentaires.<\/p><\/li><\/ul><h3><strong>Responsabilit\u00e9s de l\u2019Utilisateur<\/strong><\/h3><ul><li><p>L\u2019utilisateur est responsable de la validit\u00e9 de ses passeports, visas, et de la r\u00e9alisation des examens m\u00e9dicaux n\u00e9cessaires.<\/p><\/li><li><p>Il doit respecter les consignes m\u00e9dicales fournies par l\u2019entreprise ou les prestataires de services.<\/p><\/li><\/ul><h3><strong>Clause de Non-Responsabilit\u00e9<\/strong><\/h3><ul><li><p>L\u2019entreprise ne garantit pas une satisfaction compl\u00e8te concernant les r\u00e9sultats des traitements ou des services.<\/p><\/li><li><p>Elle n\u2019est pas responsable des retards ou annulations dus \u00e0 des catastrophes naturelles ou \u00e9v\u00e9nements impr\u00e9vus.<\/p><\/li><\/ul><hr \/><h3><strong>Liens Externes<\/strong><\/h3><ul><li><p>Le site peut contenir des liens vers des sites externes non contr\u00f4l\u00e9s par l\u2019entreprise.<\/p><\/li><li><p>L\u2019entreprise n\u2019est pas responsable du contenu ou des politiques de confidentialit\u00e9 de ces sites.<\/p><\/li><\/ul><h3><strong>R\u00e9siliation d\u2019Utilisation<\/strong><\/h3><ul><li><p>L\u2019entreprise se r\u00e9serve le droit de suspendre ou de r\u00e9silier l\u2019acc\u00e8s d\u2019un utilisateur au site, sans pr\u00e9avis, en cas de violation des pr\u00e9sentes conditions.<\/p><\/li><\/ul><\/div><\/div><\/div><\/div><\/div><\/div><\/div><\/div><\/article><\/div><\/div><\/div><\/div><\/div><\/div><\/div><\/div><\/article>\t\t\t\t\t\t\t\t<\/div>\n\t\t\t\t<\/div>\n\t\t\t\t\t<\/div>\n\t\t\t\t<\/div>\n\t\t<div class=\"elementor-element elementor-element-ab4fd0f e-flex e-con-boxed e-con e-parent\" data-id=\"ab4fd0f\" data-element_type=\"container\" data-e-type=\"container\">\n\t\t\t\t\t<div class=\"e-con-inner\">\n\t\t<div class=\"elementor-element elementor-element-e4df92a e-flex e-con-boxed e-con e-child\" data-id=\"e4df92a\" data-element_type=\"container\" data-e-type=\"container\" data-settings=\"{&quot;background_background&quot;:&quot;classic&quot;}\">\n\t\t\t\t\t<div class=\"e-con-inner\">\n\t\t\t\t<div class=\"elementor-element elementor-element-ac2fd3c elementor-widget elementor-widget-image\" data-id=\"ac2fd3c\" data-element_type=\"widget\" data-e-type=\"widget\" data-widget_type=\"image.default\">\n\t\t\t\t<div class=\"elementor-widget-container\">\n\t\t\t\t\t\t\t\t\t\t\t\t\t\t\t<img fetchpriority=\"high\" decoding=\"async\" width=\"629\" height=\"718\" src=\"https:\/\/bmturkiye.com\/wp-content\/uploads\/2025\/03\/BM-TURKIYE-SMILE-GIRL.png\" class=\"attachment-full size-full wp-image-3545\" alt=\"\" srcset=\"https:\/\/bmturkiye.com\/wp-content\/uploads\/2025\/03\/BM-TURKIYE-SMILE-GIRL.png 629w, https:\/\/bmturkiye.com\/wp-content\/uploads\/2025\/03\/BM-TURKIYE-SMILE-GIRL-263x300.png 263w\" sizes=\"(max-width: 629px) 100vw, 629px\" \/>\t\t\t\t\t\t\t\t\t\t\t\t\t\t\t<\/div>\n\t\t\t\t<\/div>\n\t\t<div class=\"elementor-element elementor-element-0d91a48 e-flex e-con-boxed e-con e-child\" data-id=\"0d91a48\" data-element_type=\"container\" data-e-type=\"container\">\n\t\t\t\t\t<div class=\"e-con-inner\">\n\t\t\t\t<div class=\"elementor-element elementor-element-f0b8c0a elementor-widget elementor-widget-heading\" data-id=\"f0b8c0a\" data-element_type=\"widget\" data-e-type=\"widget\" data-widget_type=\"heading.default\">\n\t\t\t\t<div class=\"elementor-widget-container\">\n\t\t\t\t\t<h2 class=\"elementor-heading-title elementor-size-default\">Votre sourire, notre priorit\u00e9 <\/h2>\t\t\t\t<\/div>\n\t\t\t\t<\/div>\n\t\t\t\t<div class=\"elementor-element elementor-element-f866c40 elementor-widget elementor-widget-text-editor\" data-id=\"f866c40\" data-element_type=\"widget\" data-e-type=\"widget\" data-widget_type=\"text-editor.default\">\n\t\t\t\t<div class=\"elementor-widget-container\">\n\t\t\t\t\t\t\t\t\t<p>Laissez nos experts vous guider vers le sourire que vous m\u00e9ritez<\/p>\t\t\t\t\t\t\t\t<\/div>\n\t\t\t\t<\/div>\n\t\t\t\t\t<\/div>\n\t\t\t\t<\/div>\n\t\t\t\t<div class=\"elementor-element elementor-element-d95fdfa elementor-mobile-align-center elementor-widget elementor-widget-button\" data-id=\"d95fdfa\" data-element_type=\"widget\" data-e-type=\"widget\" data-widget_type=\"button.default\">\n\t\t\t\t<div class=\"elementor-widget-container\">\n\t\t\t\t\t\t\t\t\t<div class=\"elementor-button-wrapper\">\n\t\t\t\t\t<a class=\"elementor-button elementor-button-link elementor-size-md\" href=\"https:\/\/wa.me\/905528006000\">\n\t\t\t\t\t\t<span class=\"elementor-button-content-wrapper\">\n\t\t\t\t\t\t<span class=\"elementor-button-icon\">\n\t\t\t\t<svg aria-hidden=\"true\" class=\"e-font-icon-svg e-fab-whatsapp\" viewBox=\"0 0 448 512\" xmlns=\"http:\/\/www.w3.org\/2000\/svg\"><path d=\"M380.9 97.1C339 55.1 283.2 32 223.9 32c-122.4 0-222 99.6-222 222 0 39.1 10.2 77.3 29.6 111L0 480l117.7-30.9c32.4 17.7 68.9 27 106.1 27h.1c122.3 0 224.1-99.6 224.1-222 0-59.3-25.2-115-67.1-157zm-157 341.6c-33.2 0-65.7-8.9-94-25.7l-6.7-4-69.8 18.3L72 359.2l-4.4-7c-18.5-29.4-28.2-63.3-28.2-98.2 0-101.7 82.8-184.5 184.6-184.5 49.3 0 95.6 19.2 130.4 54.1 34.8 34.9 56.2 81.2 56.1 130.5 0 101.8-84.9 184.6-186.6 184.6zm101.2-138.2c-5.5-2.8-32.8-16.2-37.9-18-5.1-1.9-8.8-2.8-12.5 2.8-3.7 5.6-14.3 18-17.6 21.8-3.2 3.7-6.5 4.2-12 1.4-32.6-16.3-54-29.1-75.5-66-5.7-9.8 5.7-9.1 16.3-30.3 1.8-3.7.9-6.9-.5-9.7-1.4-2.8-12.5-30.1-17.1-41.2-4.5-10.8-9.1-9.3-12.5-9.5-3.2-.2-6.9-.2-10.6-.2-3.7 0-9.7 1.4-14.8 6.9-5.1 5.6-19.4 19-19.4 46.3 0 27.3 19.9 53.7 22.6 57.4 2.8 3.7 39.1 59.7 94.8 83.8 35.2 15.2 49 16.5 66.6 13.9 10.7-1.6 32.8-13.4 37.4-26.4 4.6-13 4.6-24.1 3.2-26.4-1.3-2.5-5-3.9-10.5-6.6z\"><\/path><\/svg>\t\t\t<\/span>\n\t\t\t\t\t\t\t\t\t<span class=\"elementor-button-text\">Commencez Votre Parcours !<\/span>\n\t\t\t\t\t<\/span>\n\t\t\t\t\t<\/a>\n\t\t\t\t<\/div>\n\t\t\t\t\t\t\t\t<\/div>\n\t\t\t\t<\/div>\n\t\t\t\t\t<\/div>\n\t\t\t\t<\/div>\n\t\t\t\t\t<\/div>\n\t\t\t\t<\/div>\n\t\t\t\t<\/div>\n\t\t","protected":false},"excerpt":{"rendered":"<p>BM Turkiye est une polyclinique qui offre des soins de qualit\u00e9 sup\u00e9rieure dans le domaine dentaire et esth\u00e9tique avec les derni\u00e8res technologies.<\/p>\n","protected":false},"author":1,"featured_media":4767,"parent":0,"menu_order":0,"comment_status":"closed","ping_status":"closed","template":"elementor_header_footer","meta":{"footnotes":""},"class_list":["post-3659","page","type-page","status-publish","has-post-thumbnail","hentry"],"blocksy_meta":[],"yoast_head":"<!-- This site is optimized with the Yoast SEO plugin v27.6 - https:\/\/yoast.com\/product\/yoast-seo-wordpress\/ -->\n<title>Conditions g\u00e9n\u00e9rales d&#039;utilisation | BM Turkiye<\/title>\n<meta name=\"description\" content=\"BM T\u00fcrkiye, en son teknolojilerle di\u015f ve estetik alan\u0131nda \u00fcst\u00fcn bak\u0131m sunan bir polikliniktir.\" \/>\n<meta name=\"robots\" content=\"index, follow, max-snippet:-1, max-image-preview:large, max-video-preview:-1\" \/>\n<link rel=\"canonical\" href=\"https:\/\/bmturkiye.com\/fr\/conditions-generales-dutilisation\/\" \/>\n<meta property=\"og:locale\" content=\"fr_FR\" \/>\n<meta property=\"og:type\" content=\"article\" \/>\n<meta property=\"og:title\" content=\"Conditions g\u00e9n\u00e9rales d&#039;utilisation\" \/>\n<meta property=\"og:description\" content=\"BM Turkiye est une polyclinique qui offre des soins de qualit\u00e9 sup\u00e9rieure dans le domaine dentaire et esth\u00e9tique avec les derni\u00e8res technologies.\" \/>\n<meta property=\"og:url\" content=\"https:\/\/bmturkiye.com\/fr\/conditions-generales-dutilisation\/\" \/>\n<meta property=\"og:site_name\" content=\"BM Turkiye\" \/>\n<meta property=\"article:publisher\" content=\"https:\/\/www.facebook.com\/bmturkiyeclinic\" \/>\n<meta property=\"article:modified_time\" content=\"2026-03-31T18:11:08+00:00\" \/>\n<meta property=\"og:image\" content=\"https:\/\/bmturkiye.com\/wp-content\/uploads\/2025\/10\/COVERCOVER.png\" \/>\n\t<meta property=\"og:image:width\" content=\"1920\" \/>\n\t<meta property=\"og:image:height\" content=\"1080\" \/>\n\t<meta property=\"og:image:type\" content=\"image\/png\" \/>\n<meta name=\"twitter:card\" content=\"summary_large_image\" \/>\n<meta name=\"twitter:title\" content=\"Conditions g\u00e9n\u00e9rales d&#039;utilisation\" \/>\n<meta name=\"twitter:description\" content=\"BM Turkiye est une polyclinique qui offre des soins de qualit\u00e9 sup\u00e9rieure dans le domaine dentaire et esth\u00e9tique avec les derni\u00e8res technologies.\" \/>\n<meta name=\"twitter:image\" content=\"https:\/\/bmturkiye.com\/wp-content\/uploads\/2025\/10\/COVERCOVER.png\" \/>\n<meta name=\"twitter:label1\" content=\"Dur\u00e9e de lecture estim\u00e9e\" \/>\n\t<meta name=\"twitter:data1\" content=\"3 minutes\" \/>\n<script type=\"application\/ld+json\" class=\"yoast-schema-graph\">{\"@context\":\"https:\\\/\\\/schema.org\",\"@graph\":[{\"@type\":\"WebPage\",\"@id\":\"https:\\\/\\\/bmturkiye.com\\\/fr\\\/conditions-generales-dutilisation\\\/\",\"url\":\"https:\\\/\\\/bmturkiye.com\\\/fr\\\/conditions-generales-dutilisation\\\/\",\"name\":\"Conditions g\u00e9n\u00e9rales d'utilisation | BM Turkiye\",\"isPartOf\":{\"@id\":\"https:\\\/\\\/bmturkiye.com\\\/fr\\\/#website\"},\"primaryImageOfPage\":{\"@id\":\"https:\\\/\\\/bmturkiye.com\\\/fr\\\/conditions-generales-dutilisation\\\/#primaryimage\"},\"image\":{\"@id\":\"https:\\\/\\\/bmturkiye.com\\\/fr\\\/conditions-generales-dutilisation\\\/#primaryimage\"},\"thumbnailUrl\":\"https:\\\/\\\/bmturkiye.com\\\/wp-content\\\/uploads\\\/2025\\\/10\\\/COVERCOVER.png\",\"datePublished\":\"2025-04-01T02:12:01+00:00\",\"dateModified\":\"2026-03-31T18:11:08+00:00\",\"description\":\"BM T\u00fcrkiye, en son teknolojilerle di\u015f ve estetik alan\u0131nda \u00fcst\u00fcn bak\u0131m sunan bir polikliniktir.\",\"breadcrumb\":{\"@id\":\"https:\\\/\\\/bmturkiye.com\\\/fr\\\/conditions-generales-dutilisation\\\/#breadcrumb\"},\"inLanguage\":\"fr-FR\",\"potentialAction\":[{\"@type\":\"ReadAction\",\"target\":[\"https:\\\/\\\/bmturkiye.com\\\/fr\\\/conditions-generales-dutilisation\\\/\"]}]},{\"@type\":\"ImageObject\",\"inLanguage\":\"fr-FR\",\"@id\":\"https:\\\/\\\/bmturkiye.com\\\/fr\\\/conditions-generales-dutilisation\\\/#primaryimage\",\"url\":\"https:\\\/\\\/bmturkiye.com\\\/wp-content\\\/uploads\\\/2025\\\/10\\\/COVERCOVER.png\",\"contentUrl\":\"https:\\\/\\\/bmturkiye.com\\\/wp-content\\\/uploads\\\/2025\\\/10\\\/COVERCOVER.png\",\"width\":1920,\"height\":1080},{\"@type\":\"BreadcrumbList\",\"@id\":\"https:\\\/\\\/bmturkiye.com\\\/fr\\\/conditions-generales-dutilisation\\\/#breadcrumb\",\"itemListElement\":[{\"@type\":\"ListItem\",\"position\":1,\"name\":\"Home\",\"item\":\"https:\\\/\\\/bmturkiye.com\\\/fr\\\/\"},{\"@type\":\"ListItem\",\"position\":2,\"name\":\"Conditions g\u00e9n\u00e9rales d&#8217;utilisation\"}]},{\"@type\":\"WebSite\",\"@id\":\"https:\\\/\\\/bmturkiye.com\\\/fr\\\/#website\",\"url\":\"https:\\\/\\\/bmturkiye.com\\\/fr\\\/\",\"name\":\"BM Turkiye\",\"description\":\"Votre Partenaire Sourire de Confiance \u30c5\",\"publisher\":{\"@id\":\"https:\\\/\\\/bmturkiye.com\\\/fr\\\/#organization\"},\"alternateName\":\"BM Turkiye\",\"potentialAction\":[{\"@type\":\"SearchAction\",\"target\":{\"@type\":\"EntryPoint\",\"urlTemplate\":\"https:\\\/\\\/bmturkiye.com\\\/fr\\\/?s={search_term_string}\"},\"query-input\":{\"@type\":\"PropertyValueSpecification\",\"valueRequired\":true,\"valueName\":\"search_term_string\"}}],\"inLanguage\":\"fr-FR\"},{\"@type\":\"Organization\",\"@id\":\"https:\\\/\\\/bmturkiye.com\\\/fr\\\/#organization\",\"name\":\"BM Turkiye\",\"alternateName\":\"BM Turkiye\",\"url\":\"https:\\\/\\\/bmturkiye.com\\\/fr\\\/\",\"logo\":{\"@type\":\"ImageObject\",\"inLanguage\":\"fr-FR\",\"@id\":\"https:\\\/\\\/bmturkiye.com\\\/fr\\\/#\\\/schema\\\/logo\\\/image\\\/\",\"url\":\"https:\\\/\\\/bmturkiye.com.tr\\\/wp-content\\\/uploads\\\/2025\\\/02\\\/BM-Turkiye-website-icon.png\",\"contentUrl\":\"https:\\\/\\\/bmturkiye.com.tr\\\/wp-content\\\/uploads\\\/2025\\\/02\\\/BM-Turkiye-website-icon.png\",\"width\":417,\"height\":417,\"caption\":\"BM Turkiye\"},\"image\":{\"@id\":\"https:\\\/\\\/bmturkiye.com\\\/fr\\\/#\\\/schema\\\/logo\\\/image\\\/\"},\"sameAs\":[\"https:\\\/\\\/www.facebook.com\\\/bmturkiyeclinic\",\"https:\\\/\\\/www.instagram.com\\\/bmturkiyeclinic\\\/\",\"https:\\\/\\\/www.youtube.com\\\/@bmturkiyeclinic\\\/\",\"https:\\\/\\\/www.tiktok.com\\\/@bmturkiyeclinic\",\"https:\\\/\\\/www.linkedin.com\\\/company\\\/bmturkiyeclinic\\\/\"]}]}<\/script>\n<!-- \/ Yoast SEO plugin. -->","yoast_head_json":{"title":"Conditions g\u00e9n\u00e9rales d'utilisation | BM Turkiye","description":"BM T\u00fcrkiye, en son teknolojilerle di\u015f ve estetik alan\u0131nda \u00fcst\u00fcn bak\u0131m sunan bir polikliniktir.","robots":{"index":"index","follow":"follow","max-snippet":"max-snippet:-1","max-image-preview":"max-image-preview:large","max-video-preview":"max-video-preview:-1"},"canonical":"https:\/\/bmturkiye.com\/fr\/conditions-generales-dutilisation\/","og_locale":"fr_FR","og_type":"article","og_title":"Conditions g\u00e9n\u00e9rales d'utilisation","og_description":"BM Turkiye est une polyclinique qui offre des soins de qualit\u00e9 sup\u00e9rieure dans le domaine dentaire et esth\u00e9tique avec les derni\u00e8res technologies.","og_url":"https:\/\/bmturkiye.com\/fr\/conditions-generales-dutilisation\/","og_site_name":"BM Turkiye","article_publisher":"https:\/\/www.facebook.com\/bmturkiyeclinic","article_modified_time":"2026-03-31T18:11:08+00:00","og_image":[{"width":1920,"height":1080,"url":"https:\/\/bmturkiye.com\/wp-content\/uploads\/2025\/10\/COVERCOVER.png","type":"image\/png"}],"twitter_card":"summary_large_image","twitter_title":"Conditions g\u00e9n\u00e9rales d'utilisation","twitter_description":"BM Turkiye est une polyclinique qui offre des soins de qualit\u00e9 sup\u00e9rieure dans le domaine dentaire et esth\u00e9tique avec les derni\u00e8res technologies.","twitter_image":"https:\/\/bmturkiye.com\/wp-content\/uploads\/2025\/10\/COVERCOVER.png","twitter_misc":{"Dur\u00e9e de lecture estim\u00e9e":"3 minutes"},"schema":{"@context":"https:\/\/schema.org","@graph":[{"@type":"WebPage","@id":"https:\/\/bmturkiye.com\/fr\/conditions-generales-dutilisation\/","url":"https:\/\/bmturkiye.com\/fr\/conditions-generales-dutilisation\/","name":"Conditions g\u00e9n\u00e9rales d'utilisation | BM Turkiye","isPartOf":{"@id":"https:\/\/bmturkiye.com\/fr\/#website"},"primaryImageOfPage":{"@id":"https:\/\/bmturkiye.com\/fr\/conditions-generales-dutilisation\/#primaryimage"},"image":{"@id":"https:\/\/bmturkiye.com\/fr\/conditions-generales-dutilisation\/#primaryimage"},"thumbnailUrl":"https:\/\/bmturkiye.com\/wp-content\/uploads\/2025\/10\/COVERCOVER.png","datePublished":"2025-04-01T02:12:01+00:00","dateModified":"2026-03-31T18:11:08+00:00","description":"BM T\u00fcrkiye, en son teknolojilerle di\u015f ve estetik alan\u0131nda \u00fcst\u00fcn bak\u0131m sunan bir polikliniktir.","breadcrumb":{"@id":"https:\/\/bmturkiye.com\/fr\/conditions-generales-dutilisation\/#breadcrumb"},"inLanguage":"fr-FR","potentialAction":[{"@type":"ReadAction","target":["https:\/\/bmturkiye.com\/fr\/conditions-generales-dutilisation\/"]}]},{"@type":"ImageObject","inLanguage":"fr-FR","@id":"https:\/\/bmturkiye.com\/fr\/conditions-generales-dutilisation\/#primaryimage","url":"https:\/\/bmturkiye.com\/wp-content\/uploads\/2025\/10\/COVERCOVER.png","contentUrl":"https:\/\/bmturkiye.com\/wp-content\/uploads\/2025\/10\/COVERCOVER.png","width":1920,"height":1080},{"@type":"BreadcrumbList","@id":"https:\/\/bmturkiye.com\/fr\/conditions-generales-dutilisation\/#breadcrumb","itemListElement":[{"@type":"ListItem","position":1,"name":"Home","item":"https:\/\/bmturkiye.com\/fr\/"},{"@type":"ListItem","position":2,"name":"Conditions g\u00e9n\u00e9rales d&#8217;utilisation"}]},{"@type":"WebSite","@id":"https:\/\/bmturkiye.com\/fr\/#website","url":"https:\/\/bmturkiye.com\/fr\/","name":"BM Turkiye","description":"Votre Partenaire Sourire de Confiance \u30c5","publisher":{"@id":"https:\/\/bmturkiye.com\/fr\/#organization"},"alternateName":"BM Turkiye","potentialAction":[{"@type":"SearchAction","target":{"@type":"EntryPoint","urlTemplate":"https:\/\/bmturkiye.com\/fr\/?s={search_term_string}"},"query-input":{"@type":"PropertyValueSpecification","valueRequired":true,"valueName":"search_term_string"}}],"inLanguage":"fr-FR"},{"@type":"Organization","@id":"https:\/\/bmturkiye.com\/fr\/#organization","name":"BM Turkiye","alternateName":"BM Turkiye","url":"https:\/\/bmturkiye.com\/fr\/","logo":{"@type":"ImageObject","inLanguage":"fr-FR","@id":"https:\/\/bmturkiye.com\/fr\/#\/schema\/logo\/image\/","url":"https:\/\/bmturkiye.com.tr\/wp-content\/uploads\/2025\/02\/BM-Turkiye-website-icon.png","contentUrl":"https:\/\/bmturkiye.com.tr\/wp-content\/uploads\/2025\/02\/BM-Turkiye-website-icon.png","width":417,"height":417,"caption":"BM Turkiye"},"image":{"@id":"https:\/\/bmturkiye.com\/fr\/#\/schema\/logo\/image\/"},"sameAs":["https:\/\/www.facebook.com\/bmturkiyeclinic","https:\/\/www.instagram.com\/bmturkiyeclinic\/","https:\/\/www.youtube.com\/@bmturkiyeclinic\/","https:\/\/www.tiktok.com\/@bmturkiyeclinic","https:\/\/www.linkedin.com\/company\/bmturkiyeclinic\/"]}]}},"_hostinger_reach_plugin_has_subscription_block":false,"_hostinger_reach_plugin_is_elementor":false,"_links":{"self":[{"href":"https:\/\/bmturkiye.com\/fr\/wp-json\/wp\/v2\/pages\/3659","targetHints":{"allow":["GET"]}}],"collection":[{"href":"https:\/\/bmturkiye.com\/fr\/wp-json\/wp\/v2\/pages"}],"about":[{"href":"https:\/\/bmturkiye.com\/fr\/wp-json\/wp\/v2\/types\/page"}],"author":[{"embeddable":true,"href":"https:\/\/bmturkiye.com\/fr\/wp-json\/wp\/v2\/users\/1"}],"replies":[{"embeddable":true,"href":"https:\/\/bmturkiye.com\/fr\/wp-json\/wp\/v2\/comments?post=3659"}],"version-history":[{"count":6,"href":"https:\/\/bmturkiye.com\/fr\/wp-json\/wp\/v2\/pages\/3659\/revisions"}],"predecessor-version":[{"id":6035,"href":"https:\/\/bmturkiye.com\/fr\/wp-json\/wp\/v2\/pages\/3659\/revisions\/6035"}],"wp:featuredmedia":[{"embeddable":true,"href":"https:\/\/bmturkiye.com\/fr\/wp-json\/wp\/v2\/media\/4767"}],"wp:attachment":[{"href":"https:\/\/bmturkiye.com\/fr\/wp-json\/wp\/v2\/media?parent=3659"}],"curies":[{"name":"wp","href":"https:\/\/api.w.org\/{rel}","templated":true}]}}