{"id":5491,"date":"2026-01-12T20:54:57","date_gmt":"2026-01-12T20:54:57","guid":{"rendered":"https:\/\/bmturkiye.com\/thank-you\/"},"modified":"2026-01-19T17:39:35","modified_gmt":"2026-01-19T17:39:35","slug":"thank-you","status":"publish","type":"page","link":"https:\/\/bmturkiye.com\/ru\/thank-you\/","title":{"rendered":"\u0421\u043f\u0430\u0441\u0438\u0431\u043e"},"content":{"rendered":"\t\t<div data-elementor-type=\"wp-page\" data-elementor-id=\"5491\" class=\"elementor elementor-5491 elementor-5284\" data-elementor-post-type=\"page\">\n\t\t\t\t<div class=\"elementor-element elementor-element-133be11 e-flex e-con-boxed e-con e-parent\" data-id=\"133be11\" data-element_type=\"container\" data-e-type=\"container\" data-settings=\"{&quot;background_background&quot;:&quot;classic&quot;}\">\n\t\t\t\t\t<div class=\"e-con-inner\">\n\t\t\t\t<div class=\"elementor-element elementor-element-2996492 elementor-widget elementor-widget-heading\" data-id=\"2996492\" data-element_type=\"widget\" data-e-type=\"widget\" data-widget_type=\"heading.default\">\n\t\t\t\t<div class=\"elementor-widget-container\">\n\t\t\t\t\t<h2 class=\"elementor-heading-title elementor-size-default\">\u0421\u043f\u0430\u0441\u0438\u0431\u043e<\/h2>\t\t\t\t<\/div>\n\t\t\t\t<\/div>\n\t\t\t\t<div class=\"elementor-element elementor-element-efbae20 elementor-widget elementor-widget-text-editor\" data-id=\"efbae20\" data-element_type=\"widget\" data-e-type=\"widget\" data-widget_type=\"text-editor.default\">\n\t\t\t\t<div class=\"elementor-widget-container\">\n\t\t\t\t\t\t\t\t\t<p>\u0421\u043f\u0430\u0441\u0438\u0431\u043e \u0437\u0430 \u0434\u043e\u0432\u0435\u0440\u0438\u0435 \u043a \u043d\u0430\u0448\u0435\u0439 \u043a\u043b\u0438\u043d\u0438\u043a\u0435.<\/p><p>\u041c\u044b \u043f\u043e\u043b\u0443\u0447\u0438\u043b\u0438 \u0432\u0430\u0448 \u0437\u0430\u043f\u0440\u043e\u0441 \u0438 \u0433\u043e\u0442\u043e\u0432\u0438\u043c \u0434\u043b\u044f \u0432\u0430\u0441 \u043d\u0430\u0438\u043b\u0443\u0447\u0448\u0438\u0439 \u043f\u043b\u0430\u043d \u043b\u0435\u0447\u0435\u043d\u0438\u044f.<\/p><p>\u041a\u043e\u043e\u0440\u0434\u0438\u043d\u0430\u0442\u043e\u0440 \u043f\u043e \u0440\u0430\u0431\u043e\u0442\u0435 \u0441 \u043f\u0430\u0446\u0438\u0435\u043d\u0442\u0430\u043c\u0438 \u0440\u0430\u0441\u0441\u043c\u043e\u0442\u0440\u0438\u0442 \u0432\u0430\u0448\u0438 \u0434\u0430\u043d\u043d\u044b\u0435, \u0441\u0432\u044f\u0436\u0435\u0442\u0441\u044f \u0441 \u0432\u0430\u043c\u0438 \u043f\u043e \u0442\u0435\u043b\u0435\u0444\u043e\u043d\u0443, \u0447\u0442\u043e\u0431\u044b \u043f\u043e\u0434\u0442\u0432\u0435\u0440\u0434\u0438\u0442\u044c \u0441\u043b\u0435\u0434\u0443\u044e\u0449\u0438\u0435 \u0448\u0430\u0433\u0438, \u0438 \u0441\u043e\u043e\u0431\u0449\u0438\u0442 \u043e \u0434\u043e\u0441\u0442\u0443\u043f\u043d\u044b\u0445 \u0432\u0440\u0435\u043c\u0435\u043d\u043d\u044b\u0445 \u0441\u043b\u043e\u0442\u0430\u0445.<\/p>\t\t\t\t\t\t\t\t<\/div>\n\t\t\t\t<\/div>\n\t\t\t\t\t<\/div>\n\t\t\t\t<\/div>\n\t\t<div class=\"elementor-element elementor-element-f841b4d e-con-full e-flex e-con e-parent\" data-id=\"f841b4d\" data-element_type=\"container\" data-e-type=\"container\">\n\t\t<div class=\"elementor-element elementor-element-1727d13 e-con-full e-flex e-con e-child\" data-id=\"1727d13\" data-element_type=\"container\" data-e-type=\"container\" data-settings=\"{&quot;background_background&quot;:&quot;classic&quot;}\">\n\t\t\t\t<div class=\"elementor-element elementor-element-a615309 elementor-widget elementor-widget-image\" data-id=\"a615309\" data-element_type=\"widget\" data-e-type=\"widget\" data-widget_type=\"image.default\">\n\t\t\t\t<div class=\"elementor-widget-container\">\n\t\t\t\t\t\t\t\t\t\t\t\t\t\t\t<img fetchpriority=\"high\" decoding=\"async\" width=\"629\" height=\"718\" src=\"https:\/\/bmturkiye.com\/wp-content\/uploads\/2025\/03\/BM-TURKIYE-SMILE-GIRL.png\" class=\"attachment-full size-full wp-image-3546\" alt=\"\" srcset=\"https:\/\/bmturkiye.com\/wp-content\/uploads\/2025\/03\/BM-TURKIYE-SMILE-GIRL.png 629w, https:\/\/bmturkiye.com\/wp-content\/uploads\/2025\/03\/BM-TURKIYE-SMILE-GIRL-263x300.png 263w\" sizes=\"(max-width: 629px) 100vw, 629px\" \/>\t\t\t\t\t\t\t\t\t\t\t\t\t\t\t<\/div>\n\t\t\t\t<\/div>\n\t\t<div class=\"elementor-element elementor-element-8c5c947 e-flex e-con-boxed e-con e-child\" data-id=\"8c5c947\" data-element_type=\"container\" data-e-type=\"container\">\n\t\t\t\t\t<div class=\"e-con-inner\">\n\t\t\t\t<div class=\"elementor-element elementor-element-b489973 elementor-widget elementor-widget-heading\" data-id=\"b489973\" data-element_type=\"widget\" data-e-type=\"widget\" data-widget_type=\"heading.default\">\n\t\t\t\t<div class=\"elementor-widget-container\">\n\t\t\t\t\t<h2 class=\"elementor-heading-title elementor-size-default\">\u0412\u0430\u0448 \u043d\u0430\u0434\u0451\u0436\u043d\u044b\u0439 \u043f\u0430\u0440\u0442\u043d\u0451\u0440 \u043f\u043e \u0443\u043b\u044b\u0431\u043a\u0435 \u30c5<\/h2>\t\t\t\t<\/div>\n\t\t\t\t<\/div>\n\t\t\t\t<div class=\"elementor-element elementor-element-0bab266 elementor-widget elementor-widget-text-editor\" data-id=\"0bab266\" data-element_type=\"widget\" data-e-type=\"widget\" data-widget_type=\"text-editor.default\">\n\t\t\t\t<div class=\"elementor-widget-container\">\n\t\t\t\t\t\t\t\t\t<p>\u041c\u044b \u043f\u043e\u043b\u0443\u0447\u0438\u043b\u0438 \u0432\u0430\u0448 \u0437\u0430\u043f\u0440\u043e\u0441 \u0438 \u0433\u043e\u0442\u043e\u0432\u0438\u043c \u0434\u043b\u044f \u0432\u0430\u0441 \u043d\u0430\u0438\u043b\u0443\u0447\u0448\u0438\u0439 \u043f\u043b\u0430\u043d.<\/p><p>\u041a\u043e\u043e\u0440\u0434\u0438\u043d\u0430\u0442\u043e\u0440 \u043f\u0430\u0446\u0438\u0435\u043d\u0442\u043e\u0432 \u043f\u0440\u043e\u0432\u0435\u0440\u0438\u0442 \u0432\u0430\u0448\u0438 \u0434\u0430\u043d\u043d\u044b\u0435, \u0441\u0432\u044f\u0436\u0435\u0442\u0441\u044f \u0441 \u0432\u0430\u043c\u0438 \u043f\u043e \u0442\u0435\u043b\u0435\u0444\u043e\u043d\u0443 \u0434\u043b\u044f \u043f\u043e\u0434\u0442\u0432\u0435\u0440\u0436\u0434\u0435\u043d\u0438\u044f \u0441\u043b\u0435\u0434\u0443\u044e\u0449\u0438\u0445 \u0448\u0430\u0433\u043e\u0432 \u0438 \u0441\u043e\u043e\u0431\u0449\u0438\u0442 \u0434\u043e\u0441\u0442\u0443\u043f\u043d\u044b\u0435 \u0432\u0440\u0435\u043c\u0435\u043d\u043d\u044b\u0435 \u0441\u043b\u043e\u0442\u044b.<\/p>\t\t\t\t\t\t\t\t<\/div>\n\t\t\t\t<\/div>\n\t\t\t\t\t<\/div>\n\t\t\t\t<\/div>\n\t\t\t\t<\/div>\n\t\t\t\t<\/div>\n\t\t\t\t<\/div>\n\t\t","protected":false},"excerpt":{"rendered":"<p>BM Turkiye is a modern dental clinic offering personalized treatments with cutting-edge technology<\/p>\n","protected":false},"author":1,"featured_media":4768,"parent":0,"menu_order":0,"comment_status":"closed","ping_status":"closed","template":"","meta":{"footnotes":""},"class_list":["post-5491","page","type-page","status-publish","has-post-thumbnail","hentry"],"blocksy_meta":{"page_title_panel":"","has_hero_section":"disabled","f085eb16c0e9105cad21860354a04500":"","hero_section":"type-1","hero_elements":[{"id":"custom_title","enabled":true,"heading_tag":"h1","title":"Home"},{"id":"custom_description","enabled":true,"description_visibility":{"desktop":true,"tablet":true,"mobile":false}},{"id":"custom_meta","enabled":false,"meta_elements":[{"id":"author","enabled":true,"label":"By","has_author_avatar":"yes","avatar_size":25},{"id":"post_date","enabled":true,"label":"On","date_format_source":"default","date_format":"M j, Y"},{"id":"updated_date","enabled":false,"label":"On","date_format_source":"default","date_format":"M j, Y"},{"id":"categories","enabled":false,"label":"In","style":"simple"},{"id":"comments","enabled":true}],"page_meta_elements":{"joined":true,"articles_count":true,"comments":true}},{"id":"breadcrumbs","enabled":false}],"80a6f281ffc752406fd97962cb73de8c":"","hero_alignment1":"CT_CSS_SKIP_RULE","hero_margin":40,"hero_alignment2":"center","hero_vertical_alignment":"center","9d64e7f7b679fdbdbfe7dd16ad608df2":"","hero_structure":"narrow","15f16c7eaf5830e9a495f6af7c62e10b":"","page_title_bg_type":"featured_image","custom_hero_background":{"attachment_id":null},"parallax":{"desktop":false,"tablet":false,"mobile":false},"55b3f37122ff81df03bceb3b8aae88f1":"","hero_height":"250px","pageTitleFont":{"family":"Default","variation":"Default","size":"30px","line-height":"CT_CSS_SKIP_RULE","letter-spacing":"CT_CSS_SKIP_RULE","text-transform":"CT_CSS_SKIP_RULE","text-decoration":"CT_CSS_SKIP_RULE"},"pageTitleFontColor":{"default":{"color":"CT_CSS_SKIP_RULEDEFAULT"}},"pageMetaFont":{"family":"Default","variation":"n6","size":"12px","line-height":"1.3","letter-spacing":"CT_CSS_SKIP_RULE","text-transform":"uppercase","text-decoration":"CT_CSS_SKIP_RULE"},"pageMetaFontColor":{"default":{"color":"CT_CSS_SKIP_RULEDEFAULT"},"hover":{"color":"CT_CSS_SKIP_RULEDEFAULT"}},"page_meta_button_type_font_colors":{"default":{"color":"CT_CSS_SKIP_RULEDEFAULT"},"hover":{"color":"CT_CSS_SKIP_RULEDEFAULT"}},"page_meta_button_type_background_colors":{"default":{"color":"CT_CSS_SKIP_RULEDEFAULT"},"hover":{"color":"CT_CSS_SKIP_RULEDEFAULT"}},"pageExcerptFont":{"family":"Default","variation":"Default","size":"CT_CSS_SKIP_RULE","line-height":"CT_CSS_SKIP_RULE","letter-spacing":"CT_CSS_SKIP_RULE","text-transform":"CT_CSS_SKIP_RULE","text-decoration":"CT_CSS_SKIP_RULE"},"pageExcerptColor":{"default":{"color":"CT_CSS_SKIP_RULEDEFAULT"}},"breadcrumbsFont":{"family":"Default","variation":"Default","size":"CT_CSS_SKIP_RULE","line-height":"CT_CSS_SKIP_RULE","letter-spacing":"CT_CSS_SKIP_RULE","text-transform":"CT_CSS_SKIP_RULE","text-decoration":"CT_CSS_SKIP_RULE"},"breadcrumbsFontColor":{"default":{"color":"CT_CSS_SKIP_RULEDEFAULT"},"initial":{"color":"CT_CSS_SKIP_RULEDEFAULT"},"hover":{"color":"CT_CSS_SKIP_RULEDEFAULT"}},"pageTitleOverlay":{"background_type":"color","background_pattern":"type-1","background_image":{"attachment_id":null,"x":0,"y":0},"gradient":"linear-gradient(135deg,rgba(6,147,227,1) 0%,rgb(155,81,224) 100%)","background_repeat":"repeat","background_size":"auto","background_attachment":"scroll","patternColor":{"default":{"color":"#e5e7ea"}},"overlayColor":{"default":{"color":"CT_CSS_SKIP_RULE"}},"backgroundColor":{"default":{"color":"CT_CSS_SKIP_RULE"}}},"pageTitleBackground":{"background_type":"color","background_pattern":"type-1","background_image":{"attachment_id":null,"x":0,"y":0},"gradient":"linear-gradient(135deg,rgba(6,147,227,1) 0%,rgb(155,81,224) 100%)","background_repeat":"repeat","background_size":"auto","background_attachment":"scroll","patternColor":{"default":{"color":"#e5e7ea"}},"overlayColor":{"default":{"color":"CT_CSS_SKIP_RULE"}},"backgroundColor":{"default":{"color":"var(--theme-palette-color-6)"}}},"pageTitlePadding":{"top":"50px","bottom":"50px","left":"auto","right":"auto","linked":true},"9103bedb4e5715c387bfde8d7e5e7a18":"","page_structure_type":"default","b9cc905f0ea5815e087db41718adbc3e":"","content_style_source":"inherit","content_style":"wide","vertical_spacing_source":"custom","content_area_spacing":"none","background":{"background_type":"color","background_pattern":"type-1","background_image":{"attachment_id":null,"x":0,"y":0},"gradient":"linear-gradient(135deg,rgba(6,147,227,1) 0%,rgb(155,81,224) 100%)","background_repeat":"repeat","background_size":"auto","background_attachment":"scroll","patternColor":{"default":{"color":"#e5e7ea"}},"overlayColor":{"default":{"color":"CT_CSS_SKIP_RULE"}},"backgroundColor":{"default":{"color":"CT_CSS_SKIP_RULE"}}},"content_background":{"background_type":"color","background_pattern":"type-1","background_image":{"attachment_id":null,"x":0,"y":0},"gradient":"linear-gradient(135deg,rgba(6,147,227,1) 0%,rgb(155,81,224) 100%)","background_repeat":"repeat","background_size":"auto","background_attachment":"scroll","patternColor":{"default":{"color":"#e5e7ea"}},"overlayColor":{"default":{"color":"CT_CSS_SKIP_RULE"}},"backgroundColor":{"default":{"color":"var(--theme-palette-color-8)"}}},"content_boxed_shadow":{"inherit":false,"blur":18,"spread":-6,"v_offset":12,"h_offset":0,"inset":false,"enable":true,"color":{"color":"rgba(34, 56, 101, 0.04)"}},"boxed_content_spacing":{"desktop":{"top":"40px","bottom":"40px","left":"40px","right":"40px","linked":true},"tablet":{"top":"35px","bottom":"35px","left":"35px","right":"35px","linked":true},"mobile":{"top":"20px","bottom":"20px","left":"20px","right":"20px","linked":true}},"content_boxed_radius":{"top":"3px","bottom":"3px","left":"3px","right":"3px","linked":true},"89628c653bb5c228b1669e0e1d9c4f9d":"","disable_featured_image":"no","disable_share_box":"no","disable_header":"no","disable_footer":"no","styles_descriptor":{"styles":{"desktop":"","tablet":"","mobile":""},"google_fonts":[],"version":6}},"yoast_head":"<!-- This site is optimized with the Yoast SEO plugin v27.4 - https:\/\/yoast.com\/product\/yoast-seo-wordpress\/ -->\n<title>\u0421\u043f\u0430\u0441\u0438\u0431\u043e | BM Turkiye<\/title>\n<meta name=\"description\" content=\"BM T\u00fcrkiye, en son teknolojilerle di\u015f ve estetik alan\u0131nda \u00fcst\u00fcn bak\u0131m sunan bir polikliniktir.\" \/>\n<meta name=\"robots\" content=\"index, follow, max-snippet:-1, max-image-preview:large, max-video-preview:-1\" \/>\n<link rel=\"canonical\" href=\"https:\/\/bmturkiye.com\/ru\/thank-you\/\" \/>\n<meta property=\"og:locale\" content=\"ru_RU\" \/>\n<meta property=\"og:type\" content=\"article\" \/>\n<meta property=\"og:title\" content=\"\u0421\u043f\u0430\u0441\u0438\u0431\u043e\" \/>\n<meta property=\"og:description\" content=\"BM Turkiye is a polyclinic that offers superior dental and aesthetic care with the latest technologies.\" \/>\n<meta property=\"og:url\" content=\"https:\/\/bmturkiye.com\/ru\/thank-you\/\" \/>\n<meta property=\"og:site_name\" content=\"BM Turkiye\" \/>\n<meta property=\"article:publisher\" content=\"https:\/\/www.facebook.com\/bmturkiyeclinic\" \/>\n<meta property=\"article:modified_time\" content=\"2026-01-19T17:39:35+00:00\" \/>\n<meta property=\"og:image\" content=\"https:\/\/bmturkiye.com.tr\/wp-content\/uploads\/2025\/10\/COVERCOVER-1024x576.png\" \/>\n<meta name=\"twitter:card\" content=\"summary_large_image\" \/>\n<meta name=\"twitter:title\" content=\"\u0421\u043f\u0430\u0441\u0438\u0431\u043e\" \/>\n<meta name=\"twitter:description\" content=\"BM Turkiye is a polyclinic that offers superior dental and aesthetic care with the latest technologies.\" \/>\n<meta name=\"twitter:image\" content=\"https:\/\/bmturkiye.com.tr\/wp-content\/uploads\/2025\/10\/COVERCOVER-1024x576.png\" \/>\n<meta name=\"twitter:label1\" content=\"\u041f\u0440\u0438\u043c\u0435\u0440\u043d\u043e\u0435 \u0432\u0440\u0435\u043c\u044f \u0434\u043b\u044f \u0447\u0442\u0435\u043d\u0438\u044f\" \/>\n\t<meta name=\"twitter:data1\" content=\"1 \u043c\u0438\u043d\u0443\u0442\u0430\" \/>\n<script type=\"application\/ld+json\" class=\"yoast-schema-graph\">{\"@context\":\"https:\\\/\\\/schema.org\",\"@graph\":[{\"@type\":\"WebPage\",\"@id\":\"https:\\\/\\\/bmturkiye.com\\\/ru\\\/thank-you\\\/\",\"url\":\"https:\\\/\\\/bmturkiye.com\\\/ru\\\/thank-you\\\/\",\"name\":\"\u0421\u043f\u0430\u0441\u0438\u0431\u043e | BM Turkiye\",\"isPartOf\":{\"@id\":\"https:\\\/\\\/bmturkiye.com\\\/ru\\\/#website\"},\"primaryImageOfPage\":{\"@id\":\"https:\\\/\\\/bmturkiye.com\\\/ru\\\/thank-you\\\/#primaryimage\"},\"image\":{\"@id\":\"https:\\\/\\\/bmturkiye.com\\\/ru\\\/thank-you\\\/#primaryimage\"},\"thumbnailUrl\":\"https:\\\/\\\/bmturkiye.com\\\/wp-content\\\/uploads\\\/2025\\\/10\\\/COVERCOVER.png\",\"datePublished\":\"2026-01-12T20:54:57+00:00\",\"dateModified\":\"2026-01-19T17:39:35+00:00\",\"description\":\"BM T\u00fcrkiye, en son teknolojilerle di\u015f ve estetik alan\u0131nda \u00fcst\u00fcn bak\u0131m sunan bir polikliniktir.\",\"breadcrumb\":{\"@id\":\"https:\\\/\\\/bmturkiye.com\\\/ru\\\/thank-you\\\/#breadcrumb\"},\"inLanguage\":\"ru-RU\",\"potentialAction\":[{\"@type\":\"ReadAction\",\"target\":[\"https:\\\/\\\/bmturkiye.com\\\/ru\\\/thank-you\\\/\"]}]},{\"@type\":\"ImageObject\",\"inLanguage\":\"ru-RU\",\"@id\":\"https:\\\/\\\/bmturkiye.com\\\/ru\\\/thank-you\\\/#primaryimage\",\"url\":\"https:\\\/\\\/bmturkiye.com\\\/wp-content\\\/uploads\\\/2025\\\/10\\\/COVERCOVER.png\",\"contentUrl\":\"https:\\\/\\\/bmturkiye.com\\\/wp-content\\\/uploads\\\/2025\\\/10\\\/COVERCOVER.png\",\"width\":1920,\"height\":1080},{\"@type\":\"BreadcrumbList\",\"@id\":\"https:\\\/\\\/bmturkiye.com\\\/ru\\\/thank-you\\\/#breadcrumb\",\"itemListElement\":[{\"@type\":\"ListItem\",\"position\":1,\"name\":\"Home\",\"item\":\"https:\\\/\\\/bmturkiye.com\\\/ru\\\/\"},{\"@type\":\"ListItem\",\"position\":2,\"name\":\"\u0421\u043f\u0430\u0441\u0438\u0431\u043e\"}]},{\"@type\":\"WebSite\",\"@id\":\"https:\\\/\\\/bmturkiye.com\\\/ru\\\/#website\",\"url\":\"https:\\\/\\\/bmturkiye.com\\\/ru\\\/\",\"name\":\"BM Turkiye\",\"description\":\"\u0412\u0430\u0448 \u043d\u0430\u0434\u0451\u0436\u043d\u044b\u0439 \u043f\u0430\u0440\u0442\u043d\u0451\u0440 \u043f\u043e \u0443\u043b\u044b\u0431\u043a\u0435 \u30c5\",\"publisher\":{\"@id\":\"https:\\\/\\\/bmturkiye.com\\\/ru\\\/#organization\"},\"alternateName\":\"BM Turkiye\",\"potentialAction\":[{\"@type\":\"SearchAction\",\"target\":{\"@type\":\"EntryPoint\",\"urlTemplate\":\"https:\\\/\\\/bmturkiye.com\\\/ru\\\/?s={search_term_string}\"},\"query-input\":{\"@type\":\"PropertyValueSpecification\",\"valueRequired\":true,\"valueName\":\"search_term_string\"}}],\"inLanguage\":\"ru-RU\"},{\"@type\":\"Organization\",\"@id\":\"https:\\\/\\\/bmturkiye.com\\\/ru\\\/#organization\",\"name\":\"BM Turkiye\",\"alternateName\":\"BM Turkiye\",\"url\":\"https:\\\/\\\/bmturkiye.com\\\/ru\\\/\",\"logo\":{\"@type\":\"ImageObject\",\"inLanguage\":\"ru-RU\",\"@id\":\"https:\\\/\\\/bmturkiye.com\\\/ru\\\/#\\\/schema\\\/logo\\\/image\\\/\",\"url\":\"https:\\\/\\\/bmturkiye.com.tr\\\/wp-content\\\/uploads\\\/2025\\\/02\\\/BM-Turkiye-website-icon.png\",\"contentUrl\":\"https:\\\/\\\/bmturkiye.com.tr\\\/wp-content\\\/uploads\\\/2025\\\/02\\\/BM-Turkiye-website-icon.png\",\"width\":417,\"height\":417,\"caption\":\"BM Turkiye\"},\"image\":{\"@id\":\"https:\\\/\\\/bmturkiye.com\\\/ru\\\/#\\\/schema\\\/logo\\\/image\\\/\"},\"sameAs\":[\"https:\\\/\\\/www.facebook.com\\\/bmturkiyeclinic\",\"https:\\\/\\\/www.instagram.com\\\/bmturkiyeclinic\\\/\",\"https:\\\/\\\/www.youtube.com\\\/@bmturkiyeclinic\\\/\",\"https:\\\/\\\/www.tiktok.com\\\/@bmturkiyeclinic\",\"https:\\\/\\\/www.linkedin.com\\\/company\\\/bmturkiyeclinic\\\/\"]}]}<\/script>\n<!-- \/ Yoast SEO plugin. -->","yoast_head_json":{"title":"\u0421\u043f\u0430\u0441\u0438\u0431\u043e | BM Turkiye","description":"BM T\u00fcrkiye, en son teknolojilerle di\u015f ve estetik alan\u0131nda \u00fcst\u00fcn bak\u0131m sunan bir polikliniktir.","robots":{"index":"index","follow":"follow","max-snippet":"max-snippet:-1","max-image-preview":"max-image-preview:large","max-video-preview":"max-video-preview:-1"},"canonical":"https:\/\/bmturkiye.com\/ru\/thank-you\/","og_locale":"ru_RU","og_type":"article","og_title":"\u0421\u043f\u0430\u0441\u0438\u0431\u043e","og_description":"BM Turkiye is a polyclinic that offers superior dental and aesthetic care with the latest technologies.","og_url":"https:\/\/bmturkiye.com\/ru\/thank-you\/","og_site_name":"BM Turkiye","article_publisher":"https:\/\/www.facebook.com\/bmturkiyeclinic","article_modified_time":"2026-01-19T17:39:35+00:00","og_image":[{"url":"https:\/\/bmturkiye.com.tr\/wp-content\/uploads\/2025\/10\/COVERCOVER-1024x576.png","type":"","width":"","height":""}],"twitter_card":"summary_large_image","twitter_title":"\u0421\u043f\u0430\u0441\u0438\u0431\u043e","twitter_description":"BM Turkiye is a polyclinic that offers superior dental and aesthetic care with the latest technologies.","twitter_image":"https:\/\/bmturkiye.com.tr\/wp-content\/uploads\/2025\/10\/COVERCOVER-1024x576.png","twitter_misc":{"\u041f\u0440\u0438\u043c\u0435\u0440\u043d\u043e\u0435 \u0432\u0440\u0435\u043c\u044f \u0434\u043b\u044f \u0447\u0442\u0435\u043d\u0438\u044f":"1 \u043c\u0438\u043d\u0443\u0442\u0430"},"schema":{"@context":"https:\/\/schema.org","@graph":[{"@type":"WebPage","@id":"https:\/\/bmturkiye.com\/ru\/thank-you\/","url":"https:\/\/bmturkiye.com\/ru\/thank-you\/","name":"\u0421\u043f\u0430\u0441\u0438\u0431\u043e | BM Turkiye","isPartOf":{"@id":"https:\/\/bmturkiye.com\/ru\/#website"},"primaryImageOfPage":{"@id":"https:\/\/bmturkiye.com\/ru\/thank-you\/#primaryimage"},"image":{"@id":"https:\/\/bmturkiye.com\/ru\/thank-you\/#primaryimage"},"thumbnailUrl":"https:\/\/bmturkiye.com\/wp-content\/uploads\/2025\/10\/COVERCOVER.png","datePublished":"2026-01-12T20:54:57+00:00","dateModified":"2026-01-19T17:39:35+00:00","description":"BM T\u00fcrkiye, en son teknolojilerle di\u015f ve estetik alan\u0131nda \u00fcst\u00fcn bak\u0131m sunan bir polikliniktir.","breadcrumb":{"@id":"https:\/\/bmturkiye.com\/ru\/thank-you\/#breadcrumb"},"inLanguage":"ru-RU","potentialAction":[{"@type":"ReadAction","target":["https:\/\/bmturkiye.com\/ru\/thank-you\/"]}]},{"@type":"ImageObject","inLanguage":"ru-RU","@id":"https:\/\/bmturkiye.com\/ru\/thank-you\/#primaryimage","url":"https:\/\/bmturkiye.com\/wp-content\/uploads\/2025\/10\/COVERCOVER.png","contentUrl":"https:\/\/bmturkiye.com\/wp-content\/uploads\/2025\/10\/COVERCOVER.png","width":1920,"height":1080},{"@type":"BreadcrumbList","@id":"https:\/\/bmturkiye.com\/ru\/thank-you\/#breadcrumb","itemListElement":[{"@type":"ListItem","position":1,"name":"Home","item":"https:\/\/bmturkiye.com\/ru\/"},{"@type":"ListItem","position":2,"name":"\u0421\u043f\u0430\u0441\u0438\u0431\u043e"}]},{"@type":"WebSite","@id":"https:\/\/bmturkiye.com\/ru\/#website","url":"https:\/\/bmturkiye.com\/ru\/","name":"BM Turkiye","description":"\u0412\u0430\u0448 \u043d\u0430\u0434\u0451\u0436\u043d\u044b\u0439 \u043f\u0430\u0440\u0442\u043d\u0451\u0440 \u043f\u043e \u0443\u043b\u044b\u0431\u043a\u0435 \u30c5","publisher":{"@id":"https:\/\/bmturkiye.com\/ru\/#organization"},"alternateName":"BM Turkiye","potentialAction":[{"@type":"SearchAction","target":{"@type":"EntryPoint","urlTemplate":"https:\/\/bmturkiye.com\/ru\/?s={search_term_string}"},"query-input":{"@type":"PropertyValueSpecification","valueRequired":true,"valueName":"search_term_string"}}],"inLanguage":"ru-RU"},{"@type":"Organization","@id":"https:\/\/bmturkiye.com\/ru\/#organization","name":"BM Turkiye","alternateName":"BM Turkiye","url":"https:\/\/bmturkiye.com\/ru\/","logo":{"@type":"ImageObject","inLanguage":"ru-RU","@id":"https:\/\/bmturkiye.com\/ru\/#\/schema\/logo\/image\/","url":"https:\/\/bmturkiye.com.tr\/wp-content\/uploads\/2025\/02\/BM-Turkiye-website-icon.png","contentUrl":"https:\/\/bmturkiye.com.tr\/wp-content\/uploads\/2025\/02\/BM-Turkiye-website-icon.png","width":417,"height":417,"caption":"BM Turkiye"},"image":{"@id":"https:\/\/bmturkiye.com\/ru\/#\/schema\/logo\/image\/"},"sameAs":["https:\/\/www.facebook.com\/bmturkiyeclinic","https:\/\/www.instagram.com\/bmturkiyeclinic\/","https:\/\/www.youtube.com\/@bmturkiyeclinic\/","https:\/\/www.tiktok.com\/@bmturkiyeclinic","https:\/\/www.linkedin.com\/company\/bmturkiyeclinic\/"]}]}},"_hostinger_reach_plugin_has_subscription_block":false,"_hostinger_reach_plugin_is_elementor":false,"_links":{"self":[{"href":"https:\/\/bmturkiye.com\/ru\/wp-json\/wp\/v2\/pages\/5491","targetHints":{"allow":["GET"]}}],"collection":[{"href":"https:\/\/bmturkiye.com\/ru\/wp-json\/wp\/v2\/pages"}],"about":[{"href":"https:\/\/bmturkiye.com\/ru\/wp-json\/wp\/v2\/types\/page"}],"author":[{"embeddable":true,"href":"https:\/\/bmturkiye.com\/ru\/wp-json\/wp\/v2\/users\/1"}],"replies":[{"embeddable":true,"href":"https:\/\/bmturkiye.com\/ru\/wp-json\/wp\/v2\/comments?post=5491"}],"version-history":[{"count":10,"href":"https:\/\/bmturkiye.com\/ru\/wp-json\/wp\/v2\/pages\/5491\/revisions"}],"predecessor-version":[{"id":5541,"href":"https:\/\/bmturkiye.com\/ru\/wp-json\/wp\/v2\/pages\/5491\/revisions\/5541"}],"wp:featuredmedia":[{"embeddable":true,"href":"https:\/\/bmturkiye.com\/ru\/wp-json\/wp\/v2\/media\/4768"}],"wp:attachment":[{"href":"https:\/\/bmturkiye.com\/ru\/wp-json\/wp\/v2\/media?parent=5491"}],"curies":[{"name":"wp","href":"https:\/\/api.w.org\/{rel}","templated":true}]}}