{"id":3,"date":"2025-01-11T21:47:42","date_gmt":"2025-01-11T21:47:42","guid":{"rendered":"https:\/\/bmturkiye.com.tr\/?page_id=3"},"modified":"2026-03-31T18:08:12","modified_gmt":"2026-03-31T18:08:12","slug":"gizlilik-politikasi","status":"publish","type":"page","link":"https:\/\/bmturkiye.com\/tr\/gizlilik-politikasi\/","title":{"rendered":"Gizlilik Politikas\u0131"},"content":{"rendered":"\t\t<div data-elementor-type=\"wp-page\" data-elementor-id=\"3\" class=\"elementor elementor-3\" data-elementor-post-type=\"page\">\n\t\t\t\t<div class=\"elementor-element elementor-element-37a3924 e-flex e-con-boxed e-con e-parent\" data-id=\"37a3924\" data-element_type=\"container\" data-e-type=\"container\" data-settings=\"{&quot;background_background&quot;:&quot;classic&quot;}\">\n\t\t\t\t\t<div class=\"e-con-inner\">\n\t\t\t\t<div class=\"elementor-element elementor-element-3f18a5f elementor-widget elementor-widget-heading\" data-id=\"3f18a5f\" data-element_type=\"widget\" data-e-type=\"widget\" data-widget_type=\"heading.default\">\n\t\t\t\t<div class=\"elementor-widget-container\">\n\t\t\t\t\t<h2 class=\"elementor-heading-title elementor-size-default\">Gizlilik Politikas\u0131<\/h2>\t\t\t\t<\/div>\n\t\t\t\t<\/div>\n\t\t\t\t<div class=\"elementor-element elementor-element-1600e63 elementor-widget elementor-widget-text-editor\" data-id=\"1600e63\" data-element_type=\"widget\" data-e-type=\"widget\" data-widget_type=\"text-editor.default\">\n\t\t\t\t<div class=\"elementor-widget-container\">\n\t\t\t\t\t\t\t\t\t<p>Gizlili\u011finiz Bizim \u0130\u00e7in \u00d6nemlidir<\/p>\t\t\t\t\t\t\t\t<\/div>\n\t\t\t\t<\/div>\n\t\t\t\t\t<\/div>\n\t\t\t\t<\/div>\n\t\t<div class=\"elementor-element elementor-element-43d22fb9 e-flex e-con-boxed e-con e-parent\" data-id=\"43d22fb9\" data-element_type=\"container\" data-e-type=\"container\">\n\t\t\t\t\t<div class=\"e-con-inner\">\n\t\t\t\t<div class=\"elementor-element elementor-element-62f2aff1 elementor-widget elementor-widget-text-editor\" data-id=\"62f2aff1\" data-element_type=\"widget\" data-e-type=\"widget\" data-widget_type=\"text-editor.default\">\n\t\t\t\t<div class=\"elementor-widget-container\">\n\t\t\t\t\t\t\t\t\t<h2 class=\"\" data-start=\"313\" data-end=\"352\"><strong data-start=\"316\" data-end=\"352\">BM Turkiye \u2013 Gizlilik Politikas\u0131<\/strong><\/h2><p class=\"\" data-start=\"354\" data-end=\"551\"><strong data-start=\"276\" data-end=\"295\">Son G\u00fcncelleme:<\/strong> 01\/05\/2025<\/p><p>BM Turkiye olarak, web sitemizi ziyaret eden ki\u015filerin gizlili\u011fine b\u00fcy\u00fck \u00f6nem veriyoruz. Bu politika, hangi verileri toplad\u0131\u011f\u0131m\u0131z\u0131, nas\u0131l kulland\u0131\u011f\u0131m\u0131z\u0131 ve bilgilerinizi nas\u0131l korudu\u011fumuzu a\u00e7\u0131klar.<\/p><hr class=\"\" data-start=\"553\" data-end=\"556\" \/><h2 class=\"\" data-start=\"558\" data-end=\"573\"><strong data-start=\"561\" data-end=\"571\">Veri Sorumlusu Kimdir?<br \/><\/strong><\/h2><p class=\"\" data-start=\"574\" data-end=\"630\">Web sitemiz: <a class=\"\" href=\"http:\/\/bmturkiye.com.tr\" target=\"_new\" rel=\"noopener\" data-start=\"587\" data-end=\"630\">bmturkiye.com.tr<\/a><\/p><hr class=\"\" data-start=\"632\" data-end=\"635\" \/><h2 class=\"\" data-start=\"637\" data-end=\"670\"><strong data-start=\"640\" data-end=\"670\">Hangi Verileri Topluyoruz?<\/strong><\/h2><p class=\"\" data-start=\"672\" data-end=\"776\">Web sitemizi ziyaret etti\u011finizde veya bizimle ileti\u015fime ge\u00e7ti\u011finizde a\u015fa\u011f\u0131daki bilgileri toplayabiliriz:<\/p><ul data-start=\"778\" data-end=\"966\"><li class=\"\" data-start=\"778\" data-end=\"851\"><p class=\"\" data-start=\"780\" data-end=\"851\">Ad, e-posta adresi, telefon numaras\u0131 (ileti\u015fim formlar\u0131 arac\u0131l\u0131\u011f\u0131yla)<\/p><\/li><li class=\"\" data-start=\"852\" data-end=\"918\"><p class=\"\" data-start=\"854\" data-end=\"918\">IP adresiniz ve taray\u0131c\u0131 bilgileri (g\u00fcvenlik ve analiz ama\u00e7l\u0131)<\/p><\/li><li class=\"\" data-start=\"919\" data-end=\"966\"><p class=\"\" data-start=\"921\" data-end=\"966\">\u00c7erezler (cookies) ve site kullan\u0131m\u0131 verileri<\/p><\/li><\/ul><h2 class=\"\" data-start=\"1303\" data-end=\"1330\"><strong data-start=\"1306\" data-end=\"1328\">\u00c7erezler (Cookies)<\/strong><\/h2><p class=\"\" data-start=\"1331\" data-end=\"1416\">Sitemizde deneyiminizi iyile\u015ftirmek i\u00e7in \u00e7erezler kullanabiliriz. \u00c7erezler sayesinde:<\/p><ul data-start=\"1418\" data-end=\"1548\"><li class=\"\" data-start=\"1418\" data-end=\"1452\"><p class=\"\" data-start=\"1420\" data-end=\"1452\">Site tercihlerinizi hat\u0131rlar\u0131z<\/p><\/li><li class=\"\" data-start=\"1453\" data-end=\"1496\"><p class=\"\" data-start=\"1455\" data-end=\"1496\">Sayfa gezinme deneyiminizi geli\u015ftiririz<\/p><\/li><li class=\"\" data-start=\"1497\" data-end=\"1548\"><p class=\"\" data-start=\"1499\" data-end=\"1548\">Trafik ve kullan\u0131m istatistiklerini analiz ederiz<\/p><\/li><\/ul><p class=\"\" data-start=\"1550\" data-end=\"1626\">Dilerseniz taray\u0131c\u0131n\u0131z\u0131n ayarlar\u0131ndan \u00e7erezleri devre d\u0131\u015f\u0131 b\u0131rakabilirsiniz.<\/p><hr class=\"\" data-start=\"1628\" data-end=\"1631\" \/><h2 class=\"\" data-start=\"1633\" data-end=\"1676\"><strong data-start=\"1636\" data-end=\"1676\">Verilerinizi Ne Ama\u00e7la Kullan\u0131yoruz?<\/strong><\/h2><p class=\"\" data-start=\"1678\" data-end=\"1725\">Toplad\u0131\u011f\u0131m\u0131z bilgileri \u015fu ama\u00e7larla kullan\u0131r\u0131z:<\/p><ul data-start=\"1727\" data-end=\"1904\"><li class=\"\" data-start=\"1727\" data-end=\"1783\"><p class=\"\" data-start=\"1729\" data-end=\"1783\">Randevu taleplerinize veya sorular\u0131n\u0131za yan\u0131t vermek<\/p><\/li><li class=\"\" data-start=\"1784\" data-end=\"1814\"><p class=\"\" data-start=\"1786\" data-end=\"1814\">Hizmetlerimizi geli\u015ftirmek<\/p><\/li><li class=\"\" data-start=\"1815\" data-end=\"1865\"><p class=\"\" data-start=\"1817\" data-end=\"1865\">G\u00fcvenli\u011fi sa\u011flamak ve k\u00f6t\u00fcye kullan\u0131m\u0131 \u00f6nlemek<\/p><\/li><li class=\"\" data-start=\"1866\" data-end=\"1904\"><p class=\"\" data-start=\"1868\" data-end=\"1904\">Yasal y\u00fck\u00fcml\u00fcl\u00fckleri yerine getirmek<\/p><\/li><\/ul><hr class=\"\" data-start=\"1906\" data-end=\"1909\" \/><h2 class=\"\" data-start=\"1911\" data-end=\"1955\"><strong data-start=\"1914\" data-end=\"1953\">Verilerinizi Kimlerle Payla\u015f\u0131yoruz?<\/strong><\/h2><p class=\"\" data-start=\"1956\" data-end=\"2132\">Ki\u015fisel verileriniz \u00fc\u00e7\u00fcnc\u00fc ki\u015filerle <strong data-start=\"1993\" data-end=\"2008\">payla\u015f\u0131lmaz<\/strong>, sat\u0131lmaz veya kiralanmaz. Yaln\u0131zca yasal bir zorunluluk halinde (\u00f6rne\u011fin, mahkeme karar\u0131) resmi makamlarla payla\u015f\u0131labilir.<\/p><hr class=\"\" data-start=\"2134\" data-end=\"2137\" \/><h2 class=\"\" data-start=\"2139\" data-end=\"2186\"><strong data-start=\"2142\" data-end=\"2184\">Verilerinizi Ne Kadar S\u00fcre Sakl\u0131yoruz?<\/strong><\/h2><p class=\"\" data-start=\"2187\" data-end=\"2325\">Verileriniz yaln\u0131zca gerekti\u011fi s\u00fcre boyunca saklan\u0131r.<br data-start=\"2240\" data-end=\"2243\" \/>\u0130leti\u015fim formlar\u0131ndan gelen bilgiler, en fazla 12 ay i\u00e7inde sistemimizden silinir.<\/p><hr class=\"\" data-start=\"2327\" data-end=\"2330\" \/><h2 class=\"\" data-start=\"2332\" data-end=\"2355\"><strong data-start=\"2335\" data-end=\"2353\">Veri G\u00fcvenli\u011fi<\/strong><\/h2><p class=\"\" data-start=\"2356\" data-end=\"2465\">Verileriniz, yetkisiz eri\u015fime kar\u015f\u0131 korunmak \u00fczere g\u00fcvenli sunucularda ve gerekli teknik \u00f6nlemlerle saklan\u0131r.<\/p><hr class=\"\" data-start=\"2467\" data-end=\"2470\" \/><h2 class=\"\" data-start=\"2472\" data-end=\"2501\"><strong data-start=\"2475\" data-end=\"2499\">Haklar\u0131n\u0131z Nelerdir?<\/strong><\/h2><p class=\"\" data-start=\"2502\" data-end=\"2547\">KVKK kapsam\u0131nda a\u015fa\u011f\u0131daki haklara sahipsiniz:<\/p><ul data-start=\"2549\" data-end=\"2646\"><li class=\"\" data-start=\"2549\" data-end=\"2583\"><p class=\"\" data-start=\"2551\" data-end=\"2583\">Verilerinize eri\u015fim talep etme<\/p><\/li><li class=\"\" data-start=\"2584\" data-end=\"2625\"><p class=\"\" data-start=\"2586\" data-end=\"2625\">D\u00fczeltme veya silme talebinde bulunma<\/p><\/li><li class=\"\" data-start=\"2626\" data-end=\"2646\"><p class=\"\" data-start=\"2628\" data-end=\"2646\">\u0130\u015fleme itiraz etme<\/p><\/li><\/ul><p class=\"\" data-start=\"2648\" data-end=\"2776\">Bu haklar\u0131n\u0131z\u0131 kullanmak i\u00e7in bizimle <a href=\"mailto:info@bmturkiye.com\" rel=\"noopener\" data-start=\"2686\" data-end=\"2739\">info@bmturkiye.com<\/a>\u00a0adresinden ileti\u015fime ge\u00e7ebilirsiniz.<\/p><hr class=\"\" data-start=\"2778\" data-end=\"2781\" \/><h2 class=\"\" data-start=\"2783\" data-end=\"2800\"><strong data-start=\"2786\" data-end=\"2798\">\u0130leti\u015fim<\/strong><\/h2><p class=\"\" data-start=\"2801\" data-end=\"2911\">Bu gizlilik politikas\u0131 ile ilgili herhangi bir sorunuz varsa, bizimle \u015fu kanallardan ileti\u015fime ge\u00e7ebilirsiniz:<\/p><p class=\"\" data-start=\"2913\" data-end=\"2989\">BM Turkiye<br data-start=\"2927\" data-end=\"2930\" \/>E-posta: <a href=\"mailto:info@bmturkiye.com\" rel=\"noopener\" data-start=\"2939\" data-end=\"2960\">info@bmturkiye.com<\/a><br data-start=\"2960\" data-end=\"2963\" \/>Telefon: +90 212 580 70 00<\/p>\t\t\t\t\t\t\t\t<\/div>\n\t\t\t\t<\/div>\n\t\t\t\t\t<\/div>\n\t\t\t\t<\/div>\n\t\t<div class=\"elementor-element elementor-element-ab4fd0f e-flex e-con-boxed e-con e-parent\" data-id=\"ab4fd0f\" data-element_type=\"container\" data-e-type=\"container\">\n\t\t\t\t\t<div class=\"e-con-inner\">\n\t\t<div class=\"elementor-element elementor-element-e4df92a e-flex e-con-boxed e-con e-child\" data-id=\"e4df92a\" data-element_type=\"container\" data-e-type=\"container\" data-settings=\"{&quot;background_background&quot;:&quot;classic&quot;}\">\n\t\t\t\t\t<div class=\"e-con-inner\">\n\t\t\t\t<div class=\"elementor-element elementor-element-ac2fd3c elementor-widget elementor-widget-image\" data-id=\"ac2fd3c\" data-element_type=\"widget\" data-e-type=\"widget\" data-widget_type=\"image.default\">\n\t\t\t\t<div class=\"elementor-widget-container\">\n\t\t\t\t\t\t\t\t\t\t\t\t\t\t\t<img fetchpriority=\"high\" decoding=\"async\" width=\"629\" height=\"718\" src=\"https:\/\/bmturkiye.com\/wp-content\/uploads\/2025\/03\/BM-TURKIYE-SMILE-GIRL.png\" class=\"attachment-full size-full wp-image-3165\" alt=\"\" srcset=\"https:\/\/bmturkiye.com\/wp-content\/uploads\/2025\/03\/BM-TURKIYE-SMILE-GIRL.png 629w, https:\/\/bmturkiye.com\/wp-content\/uploads\/2025\/03\/BM-TURKIYE-SMILE-GIRL-263x300.png 263w\" sizes=\"(max-width: 629px) 100vw, 629px\" \/>\t\t\t\t\t\t\t\t\t\t\t\t\t\t\t<\/div>\n\t\t\t\t<\/div>\n\t\t<div class=\"elementor-element elementor-element-0d91a48 e-flex e-con-boxed e-con e-child\" data-id=\"0d91a48\" data-element_type=\"container\" data-e-type=\"container\">\n\t\t\t\t\t<div class=\"e-con-inner\">\n\t\t\t\t<div class=\"elementor-element elementor-element-f0b8c0a elementor-widget elementor-widget-heading\" data-id=\"f0b8c0a\" data-element_type=\"widget\" data-e-type=\"widget\" data-widget_type=\"heading.default\">\n\t\t\t\t<div class=\"elementor-widget-container\">\n\t\t\t\t\t<h2 class=\"elementor-heading-title elementor-size-default\">Yard\u0131ma ihtiyac\u0131n\u0131z var m\u0131?<\/h2>\t\t\t\t<\/div>\n\t\t\t\t<\/div>\n\t\t\t\t<div class=\"elementor-element elementor-element-f866c40 elementor-widget elementor-widget-text-editor\" data-id=\"f866c40\" data-element_type=\"widget\" data-e-type=\"widget\" data-widget_type=\"text-editor.default\">\n\t\t\t\t<div class=\"elementor-widget-container\">\n\t\t\t\t\t\t\t\t\t<p>\u015eimdi \u00fccretsiz dan\u0131\u015fmanl\u0131k al\u0131n<\/p>\t\t\t\t\t\t\t\t<\/div>\n\t\t\t\t<\/div>\n\t\t\t\t\t<\/div>\n\t\t\t\t<\/div>\n\t\t\t\t<div class=\"elementor-element elementor-element-d95fdfa elementor-mobile-align-center elementor-widget elementor-widget-button\" data-id=\"d95fdfa\" data-element_type=\"widget\" data-e-type=\"widget\" data-widget_type=\"button.default\">\n\t\t\t\t<div class=\"elementor-widget-container\">\n\t\t\t\t\t\t\t\t\t<div class=\"elementor-button-wrapper\">\n\t\t\t\t\t<a class=\"elementor-button elementor-button-link elementor-size-md\" href=\"https:\/\/wa.me\/905528006000\">\n\t\t\t\t\t\t<span class=\"elementor-button-content-wrapper\">\n\t\t\t\t\t\t<span class=\"elementor-button-icon\">\n\t\t\t\t<svg aria-hidden=\"true\" class=\"e-font-icon-svg e-fab-whatsapp\" viewBox=\"0 0 448 512\" xmlns=\"http:\/\/www.w3.org\/2000\/svg\"><path d=\"M380.9 97.1C339 55.1 283.2 32 223.9 32c-122.4 0-222 99.6-222 222 0 39.1 10.2 77.3 29.6 111L0 480l117.7-30.9c32.4 17.7 68.9 27 106.1 27h.1c122.3 0 224.1-99.6 224.1-222 0-59.3-25.2-115-67.1-157zm-157 341.6c-33.2 0-65.7-8.9-94-25.7l-6.7-4-69.8 18.3L72 359.2l-4.4-7c-18.5-29.4-28.2-63.3-28.2-98.2 0-101.7 82.8-184.5 184.6-184.5 49.3 0 95.6 19.2 130.4 54.1 34.8 34.9 56.2 81.2 56.1 130.5 0 101.8-84.9 184.6-186.6 184.6zm101.2-138.2c-5.5-2.8-32.8-16.2-37.9-18-5.1-1.9-8.8-2.8-12.5 2.8-3.7 5.6-14.3 18-17.6 21.8-3.2 3.7-6.5 4.2-12 1.4-32.6-16.3-54-29.1-75.5-66-5.7-9.8 5.7-9.1 16.3-30.3 1.8-3.7.9-6.9-.5-9.7-1.4-2.8-12.5-30.1-17.1-41.2-4.5-10.8-9.1-9.3-12.5-9.5-3.2-.2-6.9-.2-10.6-.2-3.7 0-9.7 1.4-14.8 6.9-5.1 5.6-19.4 19-19.4 46.3 0 27.3 19.9 53.7 22.6 57.4 2.8 3.7 39.1 59.7 94.8 83.8 35.2 15.2 49 16.5 66.6 13.9 10.7-1.6 32.8-13.4 37.4-26.4 4.6-13 4.6-24.1 3.2-26.4-1.3-2.5-5-3.9-10.5-6.6z\"><\/path><\/svg>\t\t\t<\/span>\n\t\t\t\t\t\t\t\t\t<span class=\"elementor-button-text\">\u0130leti\u015fime Ge\u00e7in!<\/span>\n\t\t\t\t\t<\/span>\n\t\t\t\t\t<\/a>\n\t\t\t\t<\/div>\n\t\t\t\t\t\t\t\t<\/div>\n\t\t\t\t<\/div>\n\t\t\t\t\t<\/div>\n\t\t\t\t<\/div>\n\t\t\t\t\t<\/div>\n\t\t\t\t<\/div>\n\t\t\t\t<\/div>\n\t\t","protected":false},"excerpt":{"rendered":"<p>BM Turkiye, son teknolojiyle ki\u015fiye \u00f6zel tedaviler sunan modern bir di\u015f klini\u011fidir<\/p>\n","protected":false},"author":1,"featured_media":4769,"parent":0,"menu_order":0,"comment_status":"closed","ping_status":"closed","template":"elementor_header_footer","meta":{"footnotes":""},"class_list":["post-3","page","type-page","status-publish","has-post-thumbnail","hentry"],"blocksy_meta":[],"yoast_head":"<!-- This site is optimized with the Yoast SEO plugin v27.6 - https:\/\/yoast.com\/product\/yoast-seo-wordpress\/ -->\n<title>Gizlilik Politikas\u0131 | BM Turkiye<\/title>\n<meta name=\"description\" content=\"BM T\u00fcrkiye, en son teknolojilerle di\u015f ve estetik alan\u0131nda \u00fcst\u00fcn bak\u0131m sunan bir polikliniktir.\" \/>\n<meta name=\"robots\" content=\"index, follow, max-snippet:-1, max-image-preview:large, max-video-preview:-1\" \/>\n<link rel=\"canonical\" href=\"https:\/\/bmturkiye.com\/tr\/gizlilik-politikasi\/\" \/>\n<meta property=\"og:locale\" content=\"tr_TR\" \/>\n<meta property=\"og:type\" content=\"article\" \/>\n<meta property=\"og:title\" content=\"Gizlilik Politikas\u0131\" \/>\n<meta property=\"og:description\" content=\"BM Turkiye, en son teknolojilerle di\u015f ve estetik alan\u0131nda \u00fcst\u00fcn bak\u0131m sunan bir polikliniktir.\" \/>\n<meta property=\"og:url\" content=\"https:\/\/bmturkiye.com\/tr\/gizlilik-politikasi\/\" \/>\n<meta property=\"og:site_name\" content=\"BM Turkiye\" \/>\n<meta property=\"article:publisher\" content=\"https:\/\/www.facebook.com\/bmturkiyeclinic\" \/>\n<meta property=\"article:modified_time\" content=\"2026-03-31T18:08:12+00:00\" \/>\n<meta property=\"og:image\" content=\"https:\/\/bmturkiye.com\/wp-content\/uploads\/2025\/10\/COVERCOVER.png\" \/>\n\t<meta property=\"og:image:width\" content=\"1920\" \/>\n\t<meta property=\"og:image:height\" content=\"1080\" \/>\n\t<meta property=\"og:image:type\" content=\"image\/png\" \/>\n<meta name=\"twitter:card\" content=\"summary_large_image\" \/>\n<meta name=\"twitter:title\" content=\"Gizlilik Politikas\u0131\" \/>\n<meta name=\"twitter:description\" content=\"BM Turkiye, en son teknolojilerle di\u015f ve estetik alan\u0131nda \u00fcst\u00fcn bak\u0131m sunan bir polikliniktir.\" \/>\n<meta name=\"twitter:image\" content=\"https:\/\/bmturkiye.com\/wp-content\/uploads\/2025\/10\/COVERCOVER.png\" \/>\n<meta name=\"twitter:label1\" content=\"Tahmini okuma s\u00fcresi\" \/>\n\t<meta name=\"twitter:data1\" content=\"2 dakika\" \/>\n<script type=\"application\/ld+json\" class=\"yoast-schema-graph\">{\"@context\":\"https:\\\/\\\/schema.org\",\"@graph\":[{\"@type\":\"WebPage\",\"@id\":\"https:\\\/\\\/bmturkiye.com\\\/tr\\\/gizlilik-politikasi\\\/\",\"url\":\"https:\\\/\\\/bmturkiye.com\\\/tr\\\/gizlilik-politikasi\\\/\",\"name\":\"Gizlilik Politikas\u0131 | BM Turkiye\",\"isPartOf\":{\"@id\":\"https:\\\/\\\/bmturkiye.com\\\/tr\\\/#website\"},\"primaryImageOfPage\":{\"@id\":\"https:\\\/\\\/bmturkiye.com\\\/tr\\\/gizlilik-politikasi\\\/#primaryimage\"},\"image\":{\"@id\":\"https:\\\/\\\/bmturkiye.com\\\/tr\\\/gizlilik-politikasi\\\/#primaryimage\"},\"thumbnailUrl\":\"https:\\\/\\\/bmturkiye.com\\\/wp-content\\\/uploads\\\/2025\\\/10\\\/COVERCOVER.png\",\"datePublished\":\"2025-01-11T21:47:42+00:00\",\"dateModified\":\"2026-03-31T18:08:12+00:00\",\"description\":\"BM T\u00fcrkiye, en son teknolojilerle di\u015f ve estetik alan\u0131nda \u00fcst\u00fcn bak\u0131m sunan bir polikliniktir.\",\"breadcrumb\":{\"@id\":\"https:\\\/\\\/bmturkiye.com\\\/tr\\\/gizlilik-politikasi\\\/#breadcrumb\"},\"inLanguage\":\"tr\",\"potentialAction\":[{\"@type\":\"ReadAction\",\"target\":[\"https:\\\/\\\/bmturkiye.com\\\/tr\\\/gizlilik-politikasi\\\/\"]}]},{\"@type\":\"ImageObject\",\"inLanguage\":\"tr\",\"@id\":\"https:\\\/\\\/bmturkiye.com\\\/tr\\\/gizlilik-politikasi\\\/#primaryimage\",\"url\":\"https:\\\/\\\/bmturkiye.com\\\/wp-content\\\/uploads\\\/2025\\\/10\\\/COVERCOVER.png\",\"contentUrl\":\"https:\\\/\\\/bmturkiye.com\\\/wp-content\\\/uploads\\\/2025\\\/10\\\/COVERCOVER.png\",\"width\":1920,\"height\":1080},{\"@type\":\"BreadcrumbList\",\"@id\":\"https:\\\/\\\/bmturkiye.com\\\/tr\\\/gizlilik-politikasi\\\/#breadcrumb\",\"itemListElement\":[{\"@type\":\"ListItem\",\"position\":1,\"name\":\"Home\",\"item\":\"https:\\\/\\\/bmturkiye.com\\\/tr\\\/\"},{\"@type\":\"ListItem\",\"position\":2,\"name\":\"Gizlilik Politikas\u0131\"}]},{\"@type\":\"WebSite\",\"@id\":\"https:\\\/\\\/bmturkiye.com\\\/tr\\\/#website\",\"url\":\"https:\\\/\\\/bmturkiye.com\\\/tr\\\/\",\"name\":\"BM Turkiye\",\"description\":\"G\u00fcl\u00fc\u015f\u00fcn\u00fcz\u00fcn G\u00fcvenilir Orta\u011f\u0131 \u30c5\",\"publisher\":{\"@id\":\"https:\\\/\\\/bmturkiye.com\\\/tr\\\/#organization\"},\"alternateName\":\"BM Turkiye\",\"potentialAction\":[{\"@type\":\"SearchAction\",\"target\":{\"@type\":\"EntryPoint\",\"urlTemplate\":\"https:\\\/\\\/bmturkiye.com\\\/tr\\\/?s={search_term_string}\"},\"query-input\":{\"@type\":\"PropertyValueSpecification\",\"valueRequired\":true,\"valueName\":\"search_term_string\"}}],\"inLanguage\":\"tr\"},{\"@type\":\"Organization\",\"@id\":\"https:\\\/\\\/bmturkiye.com\\\/tr\\\/#organization\",\"name\":\"BM Turkiye\",\"alternateName\":\"BM Turkiye\",\"url\":\"https:\\\/\\\/bmturkiye.com\\\/tr\\\/\",\"logo\":{\"@type\":\"ImageObject\",\"inLanguage\":\"tr\",\"@id\":\"https:\\\/\\\/bmturkiye.com\\\/tr\\\/#\\\/schema\\\/logo\\\/image\\\/\",\"url\":\"https:\\\/\\\/bmturkiye.com.tr\\\/wp-content\\\/uploads\\\/2025\\\/02\\\/BM-Turkiye-website-icon.png\",\"contentUrl\":\"https:\\\/\\\/bmturkiye.com.tr\\\/wp-content\\\/uploads\\\/2025\\\/02\\\/BM-Turkiye-website-icon.png\",\"width\":417,\"height\":417,\"caption\":\"BM Turkiye\"},\"image\":{\"@id\":\"https:\\\/\\\/bmturkiye.com\\\/tr\\\/#\\\/schema\\\/logo\\\/image\\\/\"},\"sameAs\":[\"https:\\\/\\\/www.facebook.com\\\/bmturkiyeclinic\",\"https:\\\/\\\/www.instagram.com\\\/bmturkiyeclinic\\\/\",\"https:\\\/\\\/www.youtube.com\\\/@bmturkiyeclinic\\\/\",\"https:\\\/\\\/www.tiktok.com\\\/@bmturkiyeclinic\",\"https:\\\/\\\/www.linkedin.com\\\/company\\\/bmturkiyeclinic\\\/\"]}]}<\/script>\n<!-- \/ Yoast SEO plugin. -->","yoast_head_json":{"title":"Gizlilik Politikas\u0131 | BM Turkiye","description":"BM T\u00fcrkiye, en son teknolojilerle di\u015f ve estetik alan\u0131nda \u00fcst\u00fcn bak\u0131m sunan bir polikliniktir.","robots":{"index":"index","follow":"follow","max-snippet":"max-snippet:-1","max-image-preview":"max-image-preview:large","max-video-preview":"max-video-preview:-1"},"canonical":"https:\/\/bmturkiye.com\/tr\/gizlilik-politikasi\/","og_locale":"tr_TR","og_type":"article","og_title":"Gizlilik Politikas\u0131","og_description":"BM Turkiye, en son teknolojilerle di\u015f ve estetik alan\u0131nda \u00fcst\u00fcn bak\u0131m sunan bir polikliniktir.","og_url":"https:\/\/bmturkiye.com\/tr\/gizlilik-politikasi\/","og_site_name":"BM Turkiye","article_publisher":"https:\/\/www.facebook.com\/bmturkiyeclinic","article_modified_time":"2026-03-31T18:08:12+00:00","og_image":[{"width":1920,"height":1080,"url":"https:\/\/bmturkiye.com\/wp-content\/uploads\/2025\/10\/COVERCOVER.png","type":"image\/png"}],"twitter_card":"summary_large_image","twitter_title":"Gizlilik Politikas\u0131","twitter_description":"BM Turkiye, en son teknolojilerle di\u015f ve estetik alan\u0131nda \u00fcst\u00fcn bak\u0131m sunan bir polikliniktir.","twitter_image":"https:\/\/bmturkiye.com\/wp-content\/uploads\/2025\/10\/COVERCOVER.png","twitter_misc":{"Tahmini okuma s\u00fcresi":"2 dakika"},"schema":{"@context":"https:\/\/schema.org","@graph":[{"@type":"WebPage","@id":"https:\/\/bmturkiye.com\/tr\/gizlilik-politikasi\/","url":"https:\/\/bmturkiye.com\/tr\/gizlilik-politikasi\/","name":"Gizlilik Politikas\u0131 | BM Turkiye","isPartOf":{"@id":"https:\/\/bmturkiye.com\/tr\/#website"},"primaryImageOfPage":{"@id":"https:\/\/bmturkiye.com\/tr\/gizlilik-politikasi\/#primaryimage"},"image":{"@id":"https:\/\/bmturkiye.com\/tr\/gizlilik-politikasi\/#primaryimage"},"thumbnailUrl":"https:\/\/bmturkiye.com\/wp-content\/uploads\/2025\/10\/COVERCOVER.png","datePublished":"2025-01-11T21:47:42+00:00","dateModified":"2026-03-31T18:08:12+00:00","description":"BM T\u00fcrkiye, en son teknolojilerle di\u015f ve estetik alan\u0131nda \u00fcst\u00fcn bak\u0131m sunan bir polikliniktir.","breadcrumb":{"@id":"https:\/\/bmturkiye.com\/tr\/gizlilik-politikasi\/#breadcrumb"},"inLanguage":"tr","potentialAction":[{"@type":"ReadAction","target":["https:\/\/bmturkiye.com\/tr\/gizlilik-politikasi\/"]}]},{"@type":"ImageObject","inLanguage":"tr","@id":"https:\/\/bmturkiye.com\/tr\/gizlilik-politikasi\/#primaryimage","url":"https:\/\/bmturkiye.com\/wp-content\/uploads\/2025\/10\/COVERCOVER.png","contentUrl":"https:\/\/bmturkiye.com\/wp-content\/uploads\/2025\/10\/COVERCOVER.png","width":1920,"height":1080},{"@type":"BreadcrumbList","@id":"https:\/\/bmturkiye.com\/tr\/gizlilik-politikasi\/#breadcrumb","itemListElement":[{"@type":"ListItem","position":1,"name":"Home","item":"https:\/\/bmturkiye.com\/tr\/"},{"@type":"ListItem","position":2,"name":"Gizlilik Politikas\u0131"}]},{"@type":"WebSite","@id":"https:\/\/bmturkiye.com\/tr\/#website","url":"https:\/\/bmturkiye.com\/tr\/","name":"BM Turkiye","description":"G\u00fcl\u00fc\u015f\u00fcn\u00fcz\u00fcn G\u00fcvenilir Orta\u011f\u0131 \u30c5","publisher":{"@id":"https:\/\/bmturkiye.com\/tr\/#organization"},"alternateName":"BM Turkiye","potentialAction":[{"@type":"SearchAction","target":{"@type":"EntryPoint","urlTemplate":"https:\/\/bmturkiye.com\/tr\/?s={search_term_string}"},"query-input":{"@type":"PropertyValueSpecification","valueRequired":true,"valueName":"search_term_string"}}],"inLanguage":"tr"},{"@type":"Organization","@id":"https:\/\/bmturkiye.com\/tr\/#organization","name":"BM Turkiye","alternateName":"BM Turkiye","url":"https:\/\/bmturkiye.com\/tr\/","logo":{"@type":"ImageObject","inLanguage":"tr","@id":"https:\/\/bmturkiye.com\/tr\/#\/schema\/logo\/image\/","url":"https:\/\/bmturkiye.com.tr\/wp-content\/uploads\/2025\/02\/BM-Turkiye-website-icon.png","contentUrl":"https:\/\/bmturkiye.com.tr\/wp-content\/uploads\/2025\/02\/BM-Turkiye-website-icon.png","width":417,"height":417,"caption":"BM Turkiye"},"image":{"@id":"https:\/\/bmturkiye.com\/tr\/#\/schema\/logo\/image\/"},"sameAs":["https:\/\/www.facebook.com\/bmturkiyeclinic","https:\/\/www.instagram.com\/bmturkiyeclinic\/","https:\/\/www.youtube.com\/@bmturkiyeclinic\/","https:\/\/www.tiktok.com\/@bmturkiyeclinic","https:\/\/www.linkedin.com\/company\/bmturkiyeclinic\/"]}]}},"_hostinger_reach_plugin_has_subscription_block":false,"_hostinger_reach_plugin_is_elementor":false,"_links":{"self":[{"href":"https:\/\/bmturkiye.com\/tr\/wp-json\/wp\/v2\/pages\/3","targetHints":{"allow":["GET"]}}],"collection":[{"href":"https:\/\/bmturkiye.com\/tr\/wp-json\/wp\/v2\/pages"}],"about":[{"href":"https:\/\/bmturkiye.com\/tr\/wp-json\/wp\/v2\/types\/page"}],"author":[{"embeddable":true,"href":"https:\/\/bmturkiye.com\/tr\/wp-json\/wp\/v2\/users\/1"}],"replies":[{"embeddable":true,"href":"https:\/\/bmturkiye.com\/tr\/wp-json\/wp\/v2\/comments?post=3"}],"version-history":[{"count":9,"href":"https:\/\/bmturkiye.com\/tr\/wp-json\/wp\/v2\/pages\/3\/revisions"}],"predecessor-version":[{"id":6020,"href":"https:\/\/bmturkiye.com\/tr\/wp-json\/wp\/v2\/pages\/3\/revisions\/6020"}],"wp:featuredmedia":[{"embeddable":true,"href":"https:\/\/bmturkiye.com\/tr\/wp-json\/wp\/v2\/media\/4769"}],"wp:attachment":[{"href":"https:\/\/bmturkiye.com\/tr\/wp-json\/wp\/v2\/media?parent=3"}],"curies":[{"name":"wp","href":"https:\/\/api.w.org\/{rel}","templated":true}]}}