{"id":5499,"date":"2026-01-12T20:54:57","date_gmt":"2026-01-12T20:54:57","guid":{"rendered":"https:\/\/bmturkiye.com\/thank-you\/"},"modified":"2026-01-19T17:35:48","modified_gmt":"2026-01-19T17:35:48","slug":"thank-you","status":"publish","type":"page","link":"https:\/\/bmturkiye.com\/tr\/thank-you\/","title":{"rendered":"Te\u015fekk\u00fcrler"},"content":{"rendered":"\t\t<div data-elementor-type=\"wp-page\" data-elementor-id=\"5499\" class=\"elementor elementor-5499 elementor-5284\" data-elementor-post-type=\"page\">\n\t\t\t\t<div class=\"elementor-element elementor-element-133be11 e-flex e-con-boxed e-con e-parent\" data-id=\"133be11\" data-element_type=\"container\" data-e-type=\"container\" data-settings=\"{&quot;background_background&quot;:&quot;classic&quot;}\">\n\t\t\t\t\t<div class=\"e-con-inner\">\n\t\t\t\t<div class=\"elementor-element elementor-element-2996492 elementor-widget elementor-widget-heading\" data-id=\"2996492\" data-element_type=\"widget\" data-e-type=\"widget\" data-widget_type=\"heading.default\">\n\t\t\t\t<div class=\"elementor-widget-container\">\n\t\t\t\t\t<h2 class=\"elementor-heading-title elementor-size-default\">Te\u015fekk\u00fcrler<\/h2>\t\t\t\t<\/div>\n\t\t\t\t<\/div>\n\t\t\t\t<div class=\"elementor-element elementor-element-efbae20 elementor-widget elementor-widget-text-editor\" data-id=\"efbae20\" data-element_type=\"widget\" data-e-type=\"widget\" data-widget_type=\"text-editor.default\">\n\t\t\t\t<div class=\"elementor-widget-container\">\n\t\t\t\t\t\t\t\t\t<div class=\"flex flex-col text-sm pb-25\"><article class=\"text-token-text-primary w-full focus:outline-none [--shadow-height:45px] has-data-writing-block:pointer-events-none has-data-writing-block:-mt-(--shadow-height) has-data-writing-block:pt-(--shadow-height) [&amp;:has([data-writing-block])&gt;*]:pointer-events-auto scroll-mt-[calc(var(--header-height)+min(200px,max(70px,20svh)))]\" dir=\"auto\" tabindex=\"-1\" data-turn-id=\"request-WEB:664772b9-1759-4378-90ff-dedfcc70d6f8-1\" data-testid=\"conversation-turn-4\" data-scroll-anchor=\"true\" data-turn=\"assistant\"><div class=\"text-base my-auto mx-auto pb-10 [--thread-content-margin:--spacing(4)] @w-sm\/main:[--thread-content-margin:--spacing(6)] @w-lg\/main:[--thread-content-margin:--spacing(16)] px-(--thread-content-margin)\"><div class=\"[--thread-content-max-width:40rem] @w-lg\/main:[--thread-content-max-width:48rem] mx-auto max-w-(--thread-content-max-width) flex-1 group\/turn-messages focus-visible:outline-hidden relative flex w-full min-w-0 flex-col agent-turn\" tabindex=\"-1\"><div class=\"flex max-w-full flex-col grow\"><div class=\"min-h-8 text-message relative flex w-full flex-col items-end gap-2 text-start break-words whitespace-normal [.text-message+&amp;]:mt-1\" dir=\"auto\" data-message-author-role=\"assistant\" data-message-id=\"44d374f4-d840-4f2e-a646-fe73cf22b1ae\" data-message-model-slug=\"gpt-5-2\"><div class=\"flex w-full flex-col gap-1 empty:hidden first:pt-[1px]\"><div class=\"markdown prose dark:prose-invert w-full break-words light markdown-new-styling\">Klini\u011fimize g\u00fcvendi\u011finiz i\u00e7in te\u015fekk\u00fcr ederiz.<\/div><div>\u00a0<\/div><div>Talebinizi ald\u0131k ve sizin i\u00e7in en uygun tedavi plan\u0131n\u0131 haz\u0131rl\u0131yoruz.<\/div><div>\u00a0<\/div><\/div><\/div><div>Hasta dan\u0131\u015fmanlar\u0131m\u0131z bilgilerinizi inceleyecek, sonraki ad\u0131mlar\u0131 teyit etmek ve uygun zaman dilimlerini payla\u015fmak i\u00e7in sizi arayacakt\u0131r.<\/div><\/div><\/div><\/div><\/article><\/div>\t\t\t\t\t\t\t\t<\/div>\n\t\t\t\t<\/div>\n\t\t\t\t\t<\/div>\n\t\t\t\t<\/div>\n\t\t<div class=\"elementor-element elementor-element-f841b4d e-con-full e-flex e-con e-parent\" data-id=\"f841b4d\" data-element_type=\"container\" data-e-type=\"container\">\n\t\t<div class=\"elementor-element elementor-element-1727d13 e-con-full e-flex e-con e-child\" data-id=\"1727d13\" data-element_type=\"container\" data-e-type=\"container\" data-settings=\"{&quot;background_background&quot;:&quot;classic&quot;}\">\n\t\t\t\t<div class=\"elementor-element elementor-element-a615309 elementor-widget elementor-widget-image\" data-id=\"a615309\" data-element_type=\"widget\" data-e-type=\"widget\" data-widget_type=\"image.default\">\n\t\t\t\t<div class=\"elementor-widget-container\">\n\t\t\t\t\t\t\t\t\t\t\t\t\t\t\t<img fetchpriority=\"high\" decoding=\"async\" width=\"629\" height=\"718\" src=\"https:\/\/bmturkiye.com\/wp-content\/uploads\/2025\/03\/BM-TURKIYE-SMILE-GIRL.png\" class=\"attachment-full size-full wp-image-3165\" alt=\"\" srcset=\"https:\/\/bmturkiye.com\/wp-content\/uploads\/2025\/03\/BM-TURKIYE-SMILE-GIRL.png 629w, https:\/\/bmturkiye.com\/wp-content\/uploads\/2025\/03\/BM-TURKIYE-SMILE-GIRL-263x300.png 263w\" sizes=\"(max-width: 629px) 100vw, 629px\" \/>\t\t\t\t\t\t\t\t\t\t\t\t\t\t\t<\/div>\n\t\t\t\t<\/div>\n\t\t<div class=\"elementor-element elementor-element-8c5c947 e-flex e-con-boxed e-con e-child\" data-id=\"8c5c947\" data-element_type=\"container\" data-e-type=\"container\">\n\t\t\t\t\t<div class=\"e-con-inner\">\n\t\t\t\t<div class=\"elementor-element elementor-element-b489973 elementor-widget elementor-widget-heading\" data-id=\"b489973\" data-element_type=\"widget\" data-e-type=\"widget\" data-widget_type=\"heading.default\">\n\t\t\t\t<div class=\"elementor-widget-container\">\n\t\t\t\t\t<h2 class=\"elementor-heading-title elementor-size-default\">G\u00fcl\u00fc\u015f\u00fcn\u00fcz\u00fcn G\u00fcvenilir Orta\u011f\u0131 \u30c5<\/h2>\t\t\t\t<\/div>\n\t\t\t\t<\/div>\n\t\t\t\t<div class=\"elementor-element elementor-element-0bab266 elementor-widget elementor-widget-text-editor\" data-id=\"0bab266\" data-element_type=\"widget\" data-e-type=\"widget\" data-widget_type=\"text-editor.default\">\n\t\t\t\t<div class=\"elementor-widget-container\">\n\t\t\t\t\t\t\t\t\t<p>Talebinizi ald\u0131k ve sizin i\u00e7in en uygun plan\u0131 haz\u0131rl\u0131yoruz.<\/p><p>Hasta dan\u0131\u015fmanlar\u0131m\u0131z bilgilerinizi inceleyecek, sonraki ad\u0131mlar\u0131 teyit etmek ve uygun randevu saatlerini payla\u015fmak i\u00e7in sizi arayacakt\u0131r.<\/p>\t\t\t\t\t\t\t\t<\/div>\n\t\t\t\t<\/div>\n\t\t\t\t\t<\/div>\n\t\t\t\t<\/div>\n\t\t\t\t<\/div>\n\t\t\t\t<\/div>\n\t\t\t\t<\/div>\n\t\t","protected":false},"excerpt":{"rendered":"<p>BM Turkiye is a modern dental clinic offering personalized treatments with cutting-edge technology<\/p>\n","protected":false},"author":1,"featured_media":4769,"parent":0,"menu_order":0,"comment_status":"closed","ping_status":"closed","template":"","meta":{"footnotes":""},"class_list":["post-5499","page","type-page","status-publish","has-post-thumbnail","hentry"],"blocksy_meta":{"page_title_panel":"","has_hero_section":"disabled","f085eb16c0e9105cad21860354a04500":"","hero_section":"type-1","hero_elements":[{"id":"custom_title","enabled":true,"heading_tag":"h1","title":"Home"},{"id":"custom_description","enabled":true,"description_visibility":{"desktop":true,"tablet":true,"mobile":false}},{"id":"custom_meta","enabled":false,"meta_elements":[{"id":"author","enabled":true,"label":"By","has_author_avatar":"yes","avatar_size":25},{"id":"post_date","enabled":true,"label":"On","date_format_source":"default","date_format":"M j, Y"},{"id":"updated_date","enabled":false,"label":"On","date_format_source":"default","date_format":"M j, Y"},{"id":"categories","enabled":false,"label":"In","style":"simple"},{"id":"comments","enabled":true}],"page_meta_elements":{"joined":true,"articles_count":true,"comments":true}},{"id":"breadcrumbs","enabled":false}],"80a6f281ffc752406fd97962cb73de8c":"","hero_alignment1":"CT_CSS_SKIP_RULE","hero_margin":40,"hero_alignment2":"center","hero_vertical_alignment":"center","9d64e7f7b679fdbdbfe7dd16ad608df2":"","hero_structure":"narrow","15f16c7eaf5830e9a495f6af7c62e10b":"","page_title_bg_type":"featured_image","custom_hero_background":{"attachment_id":null},"parallax":{"desktop":false,"tablet":false,"mobile":false},"55b3f37122ff81df03bceb3b8aae88f1":"","hero_height":"250px","pageTitleFont":{"family":"Default","variation":"Default","size":"30px","line-height":"CT_CSS_SKIP_RULE","letter-spacing":"CT_CSS_SKIP_RULE","text-transform":"CT_CSS_SKIP_RULE","text-decoration":"CT_CSS_SKIP_RULE"},"pageTitleFontColor":{"default":{"color":"CT_CSS_SKIP_RULEDEFAULT"}},"pageMetaFont":{"family":"Default","variation":"n6","size":"12px","line-height":"1.3","letter-spacing":"CT_CSS_SKIP_RULE","text-transform":"uppercase","text-decoration":"CT_CSS_SKIP_RULE"},"pageMetaFontColor":{"default":{"color":"CT_CSS_SKIP_RULEDEFAULT"},"hover":{"color":"CT_CSS_SKIP_RULEDEFAULT"}},"page_meta_button_type_font_colors":{"default":{"color":"CT_CSS_SKIP_RULEDEFAULT"},"hover":{"color":"CT_CSS_SKIP_RULEDEFAULT"}},"page_meta_button_type_background_colors":{"default":{"color":"CT_CSS_SKIP_RULEDEFAULT"},"hover":{"color":"CT_CSS_SKIP_RULEDEFAULT"}},"pageExcerptFont":{"family":"Default","variation":"Default","size":"CT_CSS_SKIP_RULE","line-height":"CT_CSS_SKIP_RULE","letter-spacing":"CT_CSS_SKIP_RULE","text-transform":"CT_CSS_SKIP_RULE","text-decoration":"CT_CSS_SKIP_RULE"},"pageExcerptColor":{"default":{"color":"CT_CSS_SKIP_RULEDEFAULT"}},"breadcrumbsFont":{"family":"Default","variation":"Default","size":"CT_CSS_SKIP_RULE","line-height":"CT_CSS_SKIP_RULE","letter-spacing":"CT_CSS_SKIP_RULE","text-transform":"CT_CSS_SKIP_RULE","text-decoration":"CT_CSS_SKIP_RULE"},"breadcrumbsFontColor":{"default":{"color":"CT_CSS_SKIP_RULEDEFAULT"},"initial":{"color":"CT_CSS_SKIP_RULEDEFAULT"},"hover":{"color":"CT_CSS_SKIP_RULEDEFAULT"}},"pageTitleOverlay":{"background_type":"color","background_pattern":"type-1","background_image":{"attachment_id":null,"x":0,"y":0},"gradient":"linear-gradient(135deg,rgba(6,147,227,1) 0%,rgb(155,81,224) 100%)","background_repeat":"repeat","background_size":"auto","background_attachment":"scroll","patternColor":{"default":{"color":"#e5e7ea"}},"overlayColor":{"default":{"color":"CT_CSS_SKIP_RULE"}},"backgroundColor":{"default":{"color":"CT_CSS_SKIP_RULE"}}},"pageTitleBackground":{"background_type":"color","background_pattern":"type-1","background_image":{"attachment_id":null,"x":0,"y":0},"gradient":"linear-gradient(135deg,rgba(6,147,227,1) 0%,rgb(155,81,224) 100%)","background_repeat":"repeat","background_size":"auto","background_attachment":"scroll","patternColor":{"default":{"color":"#e5e7ea"}},"overlayColor":{"default":{"color":"CT_CSS_SKIP_RULE"}},"backgroundColor":{"default":{"color":"var(--theme-palette-color-6)"}}},"pageTitlePadding":{"top":"50px","bottom":"50px","left":"auto","right":"auto","linked":true},"9103bedb4e5715c387bfde8d7e5e7a18":"","page_structure_type":"default","b9cc905f0ea5815e087db41718adbc3e":"","content_style_source":"inherit","content_style":"wide","vertical_spacing_source":"custom","content_area_spacing":"none","background":{"background_type":"color","background_pattern":"type-1","background_image":{"attachment_id":null,"x":0,"y":0},"gradient":"linear-gradient(135deg,rgba(6,147,227,1) 0%,rgb(155,81,224) 100%)","background_repeat":"repeat","background_size":"auto","background_attachment":"scroll","patternColor":{"default":{"color":"#e5e7ea"}},"overlayColor":{"default":{"color":"CT_CSS_SKIP_RULE"}},"backgroundColor":{"default":{"color":"CT_CSS_SKIP_RULE"}}},"content_background":{"background_type":"color","background_pattern":"type-1","background_image":{"attachment_id":null,"x":0,"y":0},"gradient":"linear-gradient(135deg,rgba(6,147,227,1) 0%,rgb(155,81,224) 100%)","background_repeat":"repeat","background_size":"auto","background_attachment":"scroll","patternColor":{"default":{"color":"#e5e7ea"}},"overlayColor":{"default":{"color":"CT_CSS_SKIP_RULE"}},"backgroundColor":{"default":{"color":"var(--theme-palette-color-8)"}}},"content_boxed_shadow":{"inherit":false,"blur":18,"spread":-6,"v_offset":12,"h_offset":0,"inset":false,"enable":true,"color":{"color":"rgba(34, 56, 101, 0.04)"}},"boxed_content_spacing":{"desktop":{"top":"40px","bottom":"40px","left":"40px","right":"40px","linked":true},"tablet":{"top":"35px","bottom":"35px","left":"35px","right":"35px","linked":true},"mobile":{"top":"20px","bottom":"20px","left":"20px","right":"20px","linked":true}},"content_boxed_radius":{"top":"3px","bottom":"3px","left":"3px","right":"3px","linked":true},"89628c653bb5c228b1669e0e1d9c4f9d":"","disable_featured_image":"no","disable_share_box":"no","disable_header":"no","disable_footer":"no","styles_descriptor":{"styles":{"desktop":"","tablet":"","mobile":""},"google_fonts":[],"version":6}},"yoast_head":"<!-- This site is optimized with the Yoast SEO plugin v27.4 - https:\/\/yoast.com\/product\/yoast-seo-wordpress\/ -->\n<title>Te\u015fekk\u00fcrler | BM Turkiye<\/title>\n<meta name=\"description\" content=\"BM T\u00fcrkiye, en son teknolojilerle di\u015f ve estetik alan\u0131nda \u00fcst\u00fcn bak\u0131m sunan bir polikliniktir.\" \/>\n<meta name=\"robots\" content=\"index, follow, max-snippet:-1, max-image-preview:large, max-video-preview:-1\" \/>\n<link rel=\"canonical\" href=\"https:\/\/bmturkiye.com\/tr\/thank-you\/\" \/>\n<meta property=\"og:locale\" content=\"tr_TR\" \/>\n<meta property=\"og:type\" content=\"article\" \/>\n<meta property=\"og:title\" content=\"Te\u015fekk\u00fcrler\" \/>\n<meta property=\"og:description\" content=\"BM Turkiye is a polyclinic that offers superior dental and aesthetic care with the latest technologies.\" \/>\n<meta property=\"og:url\" content=\"https:\/\/bmturkiye.com\/tr\/thank-you\/\" \/>\n<meta property=\"og:site_name\" content=\"BM Turkiye\" \/>\n<meta property=\"article:publisher\" content=\"https:\/\/www.facebook.com\/bmturkiyeclinic\" \/>\n<meta property=\"article:modified_time\" content=\"2026-01-19T17:35:48+00:00\" \/>\n<meta property=\"og:image\" content=\"https:\/\/bmturkiye.com.tr\/wp-content\/uploads\/2025\/10\/COVERCOVER-1024x576.png\" \/>\n<meta name=\"twitter:card\" content=\"summary_large_image\" \/>\n<meta name=\"twitter:title\" content=\"Te\u015fekk\u00fcrler\" \/>\n<meta name=\"twitter:description\" content=\"BM Turkiye is a polyclinic that offers superior dental and aesthetic care with the latest technologies.\" \/>\n<meta name=\"twitter:image\" content=\"https:\/\/bmturkiye.com.tr\/wp-content\/uploads\/2025\/10\/COVERCOVER-1024x576.png\" \/>\n<meta name=\"twitter:label1\" content=\"Tahmini okuma s\u00fcresi\" \/>\n\t<meta name=\"twitter:data1\" content=\"1 dakika\" \/>\n<script type=\"application\/ld+json\" class=\"yoast-schema-graph\">{\"@context\":\"https:\\\/\\\/schema.org\",\"@graph\":[{\"@type\":\"WebPage\",\"@id\":\"https:\\\/\\\/bmturkiye.com\\\/tr\\\/thank-you\\\/\",\"url\":\"https:\\\/\\\/bmturkiye.com\\\/tr\\\/thank-you\\\/\",\"name\":\"Te\u015fekk\u00fcrler | BM Turkiye\",\"isPartOf\":{\"@id\":\"https:\\\/\\\/bmturkiye.com\\\/tr\\\/#website\"},\"primaryImageOfPage\":{\"@id\":\"https:\\\/\\\/bmturkiye.com\\\/tr\\\/thank-you\\\/#primaryimage\"},\"image\":{\"@id\":\"https:\\\/\\\/bmturkiye.com\\\/tr\\\/thank-you\\\/#primaryimage\"},\"thumbnailUrl\":\"https:\\\/\\\/bmturkiye.com\\\/wp-content\\\/uploads\\\/2025\\\/10\\\/COVERCOVER.png\",\"datePublished\":\"2026-01-12T20:54:57+00:00\",\"dateModified\":\"2026-01-19T17:35:48+00:00\",\"description\":\"BM T\u00fcrkiye, en son teknolojilerle di\u015f ve estetik alan\u0131nda \u00fcst\u00fcn bak\u0131m sunan bir polikliniktir.\",\"breadcrumb\":{\"@id\":\"https:\\\/\\\/bmturkiye.com\\\/tr\\\/thank-you\\\/#breadcrumb\"},\"inLanguage\":\"tr\",\"potentialAction\":[{\"@type\":\"ReadAction\",\"target\":[\"https:\\\/\\\/bmturkiye.com\\\/tr\\\/thank-you\\\/\"]}]},{\"@type\":\"ImageObject\",\"inLanguage\":\"tr\",\"@id\":\"https:\\\/\\\/bmturkiye.com\\\/tr\\\/thank-you\\\/#primaryimage\",\"url\":\"https:\\\/\\\/bmturkiye.com\\\/wp-content\\\/uploads\\\/2025\\\/10\\\/COVERCOVER.png\",\"contentUrl\":\"https:\\\/\\\/bmturkiye.com\\\/wp-content\\\/uploads\\\/2025\\\/10\\\/COVERCOVER.png\",\"width\":1920,\"height\":1080},{\"@type\":\"BreadcrumbList\",\"@id\":\"https:\\\/\\\/bmturkiye.com\\\/tr\\\/thank-you\\\/#breadcrumb\",\"itemListElement\":[{\"@type\":\"ListItem\",\"position\":1,\"name\":\"Home\",\"item\":\"https:\\\/\\\/bmturkiye.com\\\/tr\\\/\"},{\"@type\":\"ListItem\",\"position\":2,\"name\":\"Te\u015fekk\u00fcrler\"}]},{\"@type\":\"WebSite\",\"@id\":\"https:\\\/\\\/bmturkiye.com\\\/tr\\\/#website\",\"url\":\"https:\\\/\\\/bmturkiye.com\\\/tr\\\/\",\"name\":\"BM Turkiye\",\"description\":\"G\u00fcl\u00fc\u015f\u00fcn\u00fcz\u00fcn G\u00fcvenilir Orta\u011f\u0131 \u30c5\",\"publisher\":{\"@id\":\"https:\\\/\\\/bmturkiye.com\\\/tr\\\/#organization\"},\"alternateName\":\"BM Turkiye\",\"potentialAction\":[{\"@type\":\"SearchAction\",\"target\":{\"@type\":\"EntryPoint\",\"urlTemplate\":\"https:\\\/\\\/bmturkiye.com\\\/tr\\\/?s={search_term_string}\"},\"query-input\":{\"@type\":\"PropertyValueSpecification\",\"valueRequired\":true,\"valueName\":\"search_term_string\"}}],\"inLanguage\":\"tr\"},{\"@type\":\"Organization\",\"@id\":\"https:\\\/\\\/bmturkiye.com\\\/tr\\\/#organization\",\"name\":\"BM Turkiye\",\"alternateName\":\"BM Turkiye\",\"url\":\"https:\\\/\\\/bmturkiye.com\\\/tr\\\/\",\"logo\":{\"@type\":\"ImageObject\",\"inLanguage\":\"tr\",\"@id\":\"https:\\\/\\\/bmturkiye.com\\\/tr\\\/#\\\/schema\\\/logo\\\/image\\\/\",\"url\":\"https:\\\/\\\/bmturkiye.com.tr\\\/wp-content\\\/uploads\\\/2025\\\/02\\\/BM-Turkiye-website-icon.png\",\"contentUrl\":\"https:\\\/\\\/bmturkiye.com.tr\\\/wp-content\\\/uploads\\\/2025\\\/02\\\/BM-Turkiye-website-icon.png\",\"width\":417,\"height\":417,\"caption\":\"BM Turkiye\"},\"image\":{\"@id\":\"https:\\\/\\\/bmturkiye.com\\\/tr\\\/#\\\/schema\\\/logo\\\/image\\\/\"},\"sameAs\":[\"https:\\\/\\\/www.facebook.com\\\/bmturkiyeclinic\",\"https:\\\/\\\/www.instagram.com\\\/bmturkiyeclinic\\\/\",\"https:\\\/\\\/www.youtube.com\\\/@bmturkiyeclinic\\\/\",\"https:\\\/\\\/www.tiktok.com\\\/@bmturkiyeclinic\",\"https:\\\/\\\/www.linkedin.com\\\/company\\\/bmturkiyeclinic\\\/\"]}]}<\/script>\n<!-- \/ Yoast SEO plugin. -->","yoast_head_json":{"title":"Te\u015fekk\u00fcrler | BM Turkiye","description":"BM T\u00fcrkiye, en son teknolojilerle di\u015f ve estetik alan\u0131nda \u00fcst\u00fcn bak\u0131m sunan bir polikliniktir.","robots":{"index":"index","follow":"follow","max-snippet":"max-snippet:-1","max-image-preview":"max-image-preview:large","max-video-preview":"max-video-preview:-1"},"canonical":"https:\/\/bmturkiye.com\/tr\/thank-you\/","og_locale":"tr_TR","og_type":"article","og_title":"Te\u015fekk\u00fcrler","og_description":"BM Turkiye is a polyclinic that offers superior dental and aesthetic care with the latest technologies.","og_url":"https:\/\/bmturkiye.com\/tr\/thank-you\/","og_site_name":"BM Turkiye","article_publisher":"https:\/\/www.facebook.com\/bmturkiyeclinic","article_modified_time":"2026-01-19T17:35:48+00:00","og_image":[{"url":"https:\/\/bmturkiye.com.tr\/wp-content\/uploads\/2025\/10\/COVERCOVER-1024x576.png","type":"","width":"","height":""}],"twitter_card":"summary_large_image","twitter_title":"Te\u015fekk\u00fcrler","twitter_description":"BM Turkiye is a polyclinic that offers superior dental and aesthetic care with the latest technologies.","twitter_image":"https:\/\/bmturkiye.com.tr\/wp-content\/uploads\/2025\/10\/COVERCOVER-1024x576.png","twitter_misc":{"Tahmini okuma s\u00fcresi":"1 dakika"},"schema":{"@context":"https:\/\/schema.org","@graph":[{"@type":"WebPage","@id":"https:\/\/bmturkiye.com\/tr\/thank-you\/","url":"https:\/\/bmturkiye.com\/tr\/thank-you\/","name":"Te\u015fekk\u00fcrler | BM Turkiye","isPartOf":{"@id":"https:\/\/bmturkiye.com\/tr\/#website"},"primaryImageOfPage":{"@id":"https:\/\/bmturkiye.com\/tr\/thank-you\/#primaryimage"},"image":{"@id":"https:\/\/bmturkiye.com\/tr\/thank-you\/#primaryimage"},"thumbnailUrl":"https:\/\/bmturkiye.com\/wp-content\/uploads\/2025\/10\/COVERCOVER.png","datePublished":"2026-01-12T20:54:57+00:00","dateModified":"2026-01-19T17:35:48+00:00","description":"BM T\u00fcrkiye, en son teknolojilerle di\u015f ve estetik alan\u0131nda \u00fcst\u00fcn bak\u0131m sunan bir polikliniktir.","breadcrumb":{"@id":"https:\/\/bmturkiye.com\/tr\/thank-you\/#breadcrumb"},"inLanguage":"tr","potentialAction":[{"@type":"ReadAction","target":["https:\/\/bmturkiye.com\/tr\/thank-you\/"]}]},{"@type":"ImageObject","inLanguage":"tr","@id":"https:\/\/bmturkiye.com\/tr\/thank-you\/#primaryimage","url":"https:\/\/bmturkiye.com\/wp-content\/uploads\/2025\/10\/COVERCOVER.png","contentUrl":"https:\/\/bmturkiye.com\/wp-content\/uploads\/2025\/10\/COVERCOVER.png","width":1920,"height":1080},{"@type":"BreadcrumbList","@id":"https:\/\/bmturkiye.com\/tr\/thank-you\/#breadcrumb","itemListElement":[{"@type":"ListItem","position":1,"name":"Home","item":"https:\/\/bmturkiye.com\/tr\/"},{"@type":"ListItem","position":2,"name":"Te\u015fekk\u00fcrler"}]},{"@type":"WebSite","@id":"https:\/\/bmturkiye.com\/tr\/#website","url":"https:\/\/bmturkiye.com\/tr\/","name":"BM Turkiye","description":"G\u00fcl\u00fc\u015f\u00fcn\u00fcz\u00fcn G\u00fcvenilir Orta\u011f\u0131 \u30c5","publisher":{"@id":"https:\/\/bmturkiye.com\/tr\/#organization"},"alternateName":"BM Turkiye","potentialAction":[{"@type":"SearchAction","target":{"@type":"EntryPoint","urlTemplate":"https:\/\/bmturkiye.com\/tr\/?s={search_term_string}"},"query-input":{"@type":"PropertyValueSpecification","valueRequired":true,"valueName":"search_term_string"}}],"inLanguage":"tr"},{"@type":"Organization","@id":"https:\/\/bmturkiye.com\/tr\/#organization","name":"BM Turkiye","alternateName":"BM Turkiye","url":"https:\/\/bmturkiye.com\/tr\/","logo":{"@type":"ImageObject","inLanguage":"tr","@id":"https:\/\/bmturkiye.com\/tr\/#\/schema\/logo\/image\/","url":"https:\/\/bmturkiye.com.tr\/wp-content\/uploads\/2025\/02\/BM-Turkiye-website-icon.png","contentUrl":"https:\/\/bmturkiye.com.tr\/wp-content\/uploads\/2025\/02\/BM-Turkiye-website-icon.png","width":417,"height":417,"caption":"BM Turkiye"},"image":{"@id":"https:\/\/bmturkiye.com\/tr\/#\/schema\/logo\/image\/"},"sameAs":["https:\/\/www.facebook.com\/bmturkiyeclinic","https:\/\/www.instagram.com\/bmturkiyeclinic\/","https:\/\/www.youtube.com\/@bmturkiyeclinic\/","https:\/\/www.tiktok.com\/@bmturkiyeclinic","https:\/\/www.linkedin.com\/company\/bmturkiyeclinic\/"]}]}},"_hostinger_reach_plugin_has_subscription_block":false,"_hostinger_reach_plugin_is_elementor":false,"_links":{"self":[{"href":"https:\/\/bmturkiye.com\/tr\/wp-json\/wp\/v2\/pages\/5499","targetHints":{"allow":["GET"]}}],"collection":[{"href":"https:\/\/bmturkiye.com\/tr\/wp-json\/wp\/v2\/pages"}],"about":[{"href":"https:\/\/bmturkiye.com\/tr\/wp-json\/wp\/v2\/types\/page"}],"author":[{"embeddable":true,"href":"https:\/\/bmturkiye.com\/tr\/wp-json\/wp\/v2\/users\/1"}],"replies":[{"embeddable":true,"href":"https:\/\/bmturkiye.com\/tr\/wp-json\/wp\/v2\/comments?post=5499"}],"version-history":[{"count":16,"href":"https:\/\/bmturkiye.com\/tr\/wp-json\/wp\/v2\/pages\/5499\/revisions"}],"predecessor-version":[{"id":5529,"href":"https:\/\/bmturkiye.com\/tr\/wp-json\/wp\/v2\/pages\/5499\/revisions\/5529"}],"wp:featuredmedia":[{"embeddable":true,"href":"https:\/\/bmturkiye.com\/tr\/wp-json\/wp\/v2\/media\/4769"}],"wp:attachment":[{"href":"https:\/\/bmturkiye.com\/tr\/wp-json\/wp\/v2\/media?parent=5499"}],"curies":[{"name":"wp","href":"https:\/\/api.w.org\/{rel}","templated":true}]}}